{"id":1829,"date":"2019-07-23T16:40:45","date_gmt":"2019-07-23T19:40:45","guid":{"rendered":"https:\/\/novaerapousada.com.br\/site\/?page_id=1829"},"modified":"2021-01-31T01:37:54","modified_gmt":"2021-01-31T04:37:54","slug":"contato","status":"publish","type":"page","link":"https:\/\/novaerapousada.com.br\/it\/contato\/","title":{"rendered":"Contatto"},"content":{"rendered":"<section class=\"l-section wpb_row height_medium\"><div class=\"l-section-h i-cf\"><div class=\"g-cols vc_row type_default valign_top\"><div class=\"vc_col-sm-6 wpb_column vc_column_container\"><div class=\"vc_column-inner\"><div class=\"wpb_wrapper\">\n\t<div class=\"wpb_text_column \">\n\t\t<div class=\"wpb_wrapper\">\n\t\t\t<h1>Informa\u00e7\u00f5es de Contato<\/h1>\n\n\t\t<\/div>\n\t<\/div>\n<div class=\"w-iconbox iconpos_left style_default color_primary align_left no_text\"><a class=\"w-iconbox-link\" href=\"https:\/\/api.whatsapp.com\/send?phone=5588999611396&#038;text=Ol%C3%A1%20Pousada%20Nova%20Era%2C%20quero%20reservar!\" aria-label=\"+55 88 9961-1396\"><div class=\"w-iconbox-icon\"><i class=\"fab fa-whatsapp\"><\/i><\/div><\/a><div class=\"w-iconbox-meta\"><a class=\"w-iconbox-link\" href=\"https:\/\/api.whatsapp.com\/send?phone=5588999611396&#038;text=Ol%C3%A1%20Pousada%20Nova%20Era%2C%20quero%20reservar!\" aria-label=\"+55 88 9961-1396\"><h4 class=\"w-iconbox-title\">+55 88 9961-1396<\/h4><\/a><\/div><\/div><div class=\"w-separator size_small\"><\/div><div class=\"w-iconbox iconpos_left style_default color_primary align_left no_text\"><a class=\"w-iconbox-link\" href=\"mailto:info@novaerapousada.com.br\" aria-label=\"info@novaerapousada.com.br\"><div class=\"w-iconbox-icon\"><i class=\"fas fa-envelope\"><\/i><\/div><\/a><div class=\"w-iconbox-meta\"><a class=\"w-iconbox-link\" href=\"mailto:info@novaerapousada.com.br\" aria-label=\"info@novaerapousada.com.br\"><h4 class=\"w-iconbox-title\">info@novaerapousada.com.br<\/h4><\/a><\/div><\/div><div class=\"w-iconbox iconpos_left style_default color_primary align_left no_text\"><a class=\"w-iconbox-link\" href=\"mailto:recepcao.pousadanovaera@gmail.com\" aria-label=\"recepcao.pousadanovaera@gmail.com\"><div class=\"w-iconbox-icon\"><i class=\"fas fa-envelope\"><\/i><\/div><\/a><div class=\"w-iconbox-meta\"><a class=\"w-iconbox-link\" href=\"mailto:recepcao.pousadanovaera@gmail.com\" aria-label=\"recepcao.pousadanovaera@gmail.com\"><h4 class=\"w-iconbox-title\">recepcao.pousadanovaera@gmail.com<\/h4><\/a><\/div><\/div><div class=\"w-separator size_small\"><\/div><div class=\"w-iconbox iconpos_left style_default color_primary align_left no_text\"><div class=\"w-iconbox-icon\"><i class=\"fas fa-map-marker-alt\"><\/i><\/div><div class=\"w-iconbox-meta\"><h4 class=\"w-iconbox-title\">Rua do Forr\u00f3, 455 - Jericoacoara - Cear\u00e1<\/h4><\/div><\/div><div class=\"w-separator size_medium\"><\/div><div class=\"w-map provider_osm us_map_1\" id=\"us_map_1\" style=\"height:400px;\"><div class=\"w-map-json\" onclick='return {&quot;address&quot;:&quot;-2.7945536,-40.5161026&quot;,&quot;markers&quot;:[{&quot;address&quot;:&quot;-2.7945536,-40.5161026&quot;,&quot;html&quot;:&quot;-2.7945536,-40.5161026&quot;,&quot;infowindow&quot;:false}],&quot;zoom&quot;:16,&quot;height&quot;:&quot;400&quot;,&quot;style&quot;:&quot;https:\\\/\\\/{s}.tile.openstreetmap.org\\\/{z}\\\/{x}\\\/{y}.png&quot;}'><\/div><\/div><\/div><\/div><\/div><div class=\"vc_col-sm-6 wpb_column vc_column_container\"><div class=\"vc_column-inner\"><div class=\"wpb_wrapper\">\n\t<div class=\"wpb_text_column \">\n\t\t<div class=\"wpb_wrapper\">\n\t\t\t<h1>Formul\u00e1rio de Contato<\/h1>\n\n\t\t<\/div>\n\t<\/div>\n\n<div class=\"wpcf7 no-js\" id=\"wpcf7-f2119-o1\" lang=\"pt-BR\" dir=\"ltr\" data-wpcf7-id=\"2119\">\n<div class=\"screen-reader-response\"><p role=\"status\" aria-live=\"polite\" aria-atomic=\"true\"><\/p> <ul><\/ul><\/div>\n<form action=\"\/it\/wp-json\/wp\/v2\/pages\/1829#wpcf7-f2119-o1\" method=\"post\" class=\"wpcf7-form init\" aria-label=\"Formul\u00e1rios de contato\" novalidate=\"novalidate\" data-status=\"init\">\n<fieldset class=\"hidden-fields-container\"><input type=\"hidden\" name=\"_wpcf7\" value=\"2119\" \/><input type=\"hidden\" name=\"_wpcf7_version\" value=\"6.1.3\" \/><input type=\"hidden\" name=\"_wpcf7_locale\" value=\"pt_BR\" \/><input type=\"hidden\" name=\"_wpcf7_unit_tag\" value=\"wpcf7-f2119-o1\" \/><input type=\"hidden\" name=\"_wpcf7_container_post\" value=\"0\" \/><input type=\"hidden\" name=\"_wpcf7_posted_data_hash\" value=\"\" \/>\n<\/fieldset>\n<p><label> Seu nome (requerido)<br \/>\n<span class=\"wpcf7-form-control-wrap\" data-name=\"your-name\"><input size=\"40\" maxlength=\"400\" class=\"wpcf7-form-control wpcf7-text wpcf7-validates-as-required\" aria-required=\"true\" aria-invalid=\"false\" value=\"\" type=\"text\" name=\"your-name\" \/><\/span> <\/label>\n<\/p>\n<p><label> Seu e-mail (requerido)<br \/>\n<span class=\"wpcf7-form-control-wrap\" data-name=\"your-email\"><input size=\"40\" maxlength=\"400\" class=\"wpcf7-form-control wpcf7-email wpcf7-validates-as-required wpcf7-text wpcf7-validates-as-email\" aria-required=\"true\" aria-invalid=\"false\" value=\"\" type=\"email\" name=\"your-email\" \/><\/span> <\/label>\n<\/p>\n<p><label> Assunto<br \/>\n<span class=\"wpcf7-form-control-wrap\" data-name=\"your-subject\"><input size=\"40\" maxlength=\"400\" class=\"wpcf7-form-control wpcf7-text\" aria-invalid=\"false\" value=\"\" type=\"text\" name=\"your-subject\" \/><\/span> <\/label>\n<\/p>\n<p><label> Sua Mensagem<br \/>\n<span class=\"wpcf7-form-control-wrap\" data-name=\"your-message\"><textarea cols=\"40\" rows=\"10\" maxlength=\"2000\" class=\"wpcf7-form-control wpcf7-textarea\" aria-invalid=\"false\" name=\"your-message\"><\/textarea><\/span> <\/label>\n<\/p>\n<p><input class=\"wpcf7-form-control wpcf7-submit has-spinner\" type=\"submit\" value=\"Enviar\" \/>\n<\/p><div class=\"wpcf7-response-output\" aria-hidden=\"true\"><\/div>\n<\/form>\n<\/div>\n<\/div><\/div><\/div><\/div><\/div><\/section>\n","protected":false},"excerpt":{"rendered":"Informa\u00e7\u00f5es de Contato +55 88 9961-1396info@novaerapousada.com.brrecepcao.pousadanovaera@gmail.comRua do Forr\u00f3, 455 - Jericoacoara - Cear\u00e1 Formul\u00e1rio de Contato Seu nome (requerido) Seu e-mail (requerido) Assunto Sua Mensagem","protected":false},"author":1,"featured_media":2066,"parent":0,"menu_order":0,"comment_status":"closed","ping_status":"closed","template":"","meta":{"_acf_changed":false,"_joinchat":[],"footnotes":""},"class_list":["post-1829","page","type-page","status-publish","has-post-thumbnail","hentry"],"acf":[],"yoast_head":"<!-- This site is optimized with the Yoast SEO plugin v26.3 - https:\/\/yoast.com\/wordpress\/plugins\/seo\/ -->\n<title>Contatto - Pousada em Jericoacoara - Espa\u00e7o Nova Era Pousada<\/title>\n<meta name=\"robots\" content=\"index, follow, max-snippet:-1, max-image-preview:large, max-video-preview:-1\" \/>\n<link rel=\"canonical\" href=\"https:\/\/novaerapousada.com.br\/contato\/\" \/>\n<meta property=\"og:locale\" content=\"it_IT\" \/>\n<meta property=\"og:type\" content=\"article\" \/>\n<meta property=\"og:title\" content=\"Contatto - Pousada em Jericoacoara - Espa\u00e7o Nova Era Pousada\" \/>\n<meta property=\"og:url\" content=\"https:\/\/novaerapousada.com.br\/contato\/\" \/>\n<meta property=\"og:site_name\" content=\"Pousada em Jericoacoara - Espa\u00e7o Nova Era Pousada\" \/>\n<meta property=\"article:modified_time\" content=\"2021-01-31T04:37:54+00:00\" \/>\n<meta property=\"og:image\" content=\"https:\/\/novaerapousada.com.br\/wp-content\/uploads\/2019\/08\/IMG_3586-1.jpg\" \/>\n\t<meta property=\"og:image:width\" content=\"1919\" \/>\n\t<meta property=\"og:image:height\" content=\"1168\" \/>\n\t<meta property=\"og:image:type\" content=\"image\/jpeg\" \/>\n<meta name=\"twitter:card\" content=\"summary_large_image\" \/>\n<meta name=\"twitter:label1\" content=\"Tempo di lettura stimato\" \/>\n\t<meta name=\"twitter:data1\" content=\"1 minuto\" \/>\n<script type=\"application\/ld+json\" class=\"yoast-schema-graph\">{\"@context\":\"https:\/\/schema.org\",\"@graph\":[{\"@type\":\"WebPage\",\"@id\":\"https:\/\/novaerapousada.com.br\/contato\/\",\"url\":\"https:\/\/novaerapousada.com.br\/contato\/\",\"name\":\"Contatto - Pousada em Jericoacoara - Espa\u00e7o Nova Era Pousada\",\"isPartOf\":{\"@id\":\"https:\/\/novaerapousada.com.br\/#website\"},\"primaryImageOfPage\":{\"@id\":\"https:\/\/novaerapousada.com.br\/contato\/#primaryimage\"},\"image\":{\"@id\":\"https:\/\/novaerapousada.com.br\/contato\/#primaryimage\"},\"thumbnailUrl\":\"https:\/\/novaerapousada.com.br\/wp-content\/uploads\/2019\/08\/IMG_3586-1.jpg\",\"datePublished\":\"2019-07-23T19:40:45+00:00\",\"dateModified\":\"2021-01-31T04:37:54+00:00\",\"breadcrumb\":{\"@id\":\"https:\/\/novaerapousada.com.br\/contato\/#breadcrumb\"},\"inLanguage\":\"it-IT\",\"potentialAction\":[{\"@type\":\"ReadAction\",\"target\":[\"https:\/\/novaerapousada.com.br\/contato\/\"]}]},{\"@type\":\"ImageObject\",\"inLanguage\":\"it-IT\",\"@id\":\"https:\/\/novaerapousada.com.br\/contato\/#primaryimage\",\"url\":\"https:\/\/novaerapousada.com.br\/wp-content\/uploads\/2019\/08\/IMG_3586-1.jpg\",\"contentUrl\":\"https:\/\/novaerapousada.com.br\/wp-content\/uploads\/2019\/08\/IMG_3586-1.jpg\",\"width\":1919,\"height\":1168},{\"@type\":\"BreadcrumbList\",\"@id\":\"https:\/\/novaerapousada.com.br\/contato\/#breadcrumb\",\"itemListElement\":[{\"@type\":\"ListItem\",\"position\":1,\"name\":\"In\u00edcio\",\"item\":\"https:\/\/novaerapousada.com.br\/\"},{\"@type\":\"ListItem\",\"position\":2,\"name\":\"Contato\"}]},{\"@type\":\"WebSite\",\"@id\":\"https:\/\/novaerapousada.com.br\/#website\",\"url\":\"https:\/\/novaerapousada.com.br\/\",\"name\":\"Pousada em Jericoacoara - Espa\u00e7o Nova Era Pousada\",\"description\":\"(Portugu\u00eas do Brasil) Pousada em Jericoacoara\",\"publisher\":{\"@id\":\"https:\/\/novaerapousada.com.br\/#organization\"},\"potentialAction\":[{\"@type\":\"SearchAction\",\"target\":{\"@type\":\"EntryPoint\",\"urlTemplate\":\"https:\/\/novaerapousada.com.br\/?s={search_term_string}\"},\"query-input\":{\"@type\":\"PropertyValueSpecification\",\"valueRequired\":true,\"valueName\":\"search_term_string\"}}],\"inLanguage\":\"it-IT\"},{\"@type\":\"Organization\",\"@id\":\"https:\/\/novaerapousada.com.br\/#organization\",\"name\":\"Espa\u00e7o Nova Era Pousada\",\"url\":\"https:\/\/novaerapousada.com.br\/\",\"logo\":{\"@type\":\"ImageObject\",\"inLanguage\":\"it-IT\",\"@id\":\"https:\/\/novaerapousada.com.br\/#\/schema\/logo\/image\/\",\"url\":\"http:\/\/novaera.decastro.dev\/wp-content\/uploads\/2019\/07\/favicon.png\",\"contentUrl\":\"http:\/\/novaera.decastro.dev\/wp-content\/uploads\/2019\/07\/favicon.png\",\"width\":120,\"height\":120,\"caption\":\"Espa\u00e7o Nova Era Pousada\"},\"image\":{\"@id\":\"https:\/\/novaerapousada.com.br\/#\/schema\/logo\/image\/\"}}]}<\/script>\n<!-- \/ Yoast SEO plugin. -->","yoast_head_json":{"title":"Contatto - Pousada em Jericoacoara - Espa\u00e7o Nova Era Pousada","robots":{"index":"index","follow":"follow","max-snippet":"max-snippet:-1","max-image-preview":"max-image-preview:large","max-video-preview":"max-video-preview:-1"},"canonical":"https:\/\/novaerapousada.com.br\/contato\/","og_locale":"it_IT","og_type":"article","og_title":"Contatto - Pousada em Jericoacoara - Espa\u00e7o Nova Era Pousada","og_url":"https:\/\/novaerapousada.com.br\/contato\/","og_site_name":"Pousada em Jericoacoara - Espa\u00e7o Nova Era Pousada","article_modified_time":"2021-01-31T04:37:54+00:00","og_image":[{"width":1919,"height":1168,"url":"https:\/\/novaerapousada.com.br\/wp-content\/uploads\/2019\/08\/IMG_3586-1.jpg","type":"image\/jpeg"}],"twitter_card":"summary_large_image","twitter_misc":{"Tempo di lettura stimato":"1 minuto"},"schema":{"@context":"https:\/\/schema.org","@graph":[{"@type":"WebPage","@id":"https:\/\/novaerapousada.com.br\/contato\/","url":"https:\/\/novaerapousada.com.br\/contato\/","name":"Contatto - Pousada em Jericoacoara - Espa\u00e7o Nova Era Pousada","isPartOf":{"@id":"https:\/\/novaerapousada.com.br\/#website"},"primaryImageOfPage":{"@id":"https:\/\/novaerapousada.com.br\/contato\/#primaryimage"},"image":{"@id":"https:\/\/novaerapousada.com.br\/contato\/#primaryimage"},"thumbnailUrl":"https:\/\/novaerapousada.com.br\/wp-content\/uploads\/2019\/08\/IMG_3586-1.jpg","datePublished":"2019-07-23T19:40:45+00:00","dateModified":"2021-01-31T04:37:54+00:00","breadcrumb":{"@id":"https:\/\/novaerapousada.com.br\/contato\/#breadcrumb"},"inLanguage":"it-IT","potentialAction":[{"@type":"ReadAction","target":["https:\/\/novaerapousada.com.br\/contato\/"]}]},{"@type":"ImageObject","inLanguage":"it-IT","@id":"https:\/\/novaerapousada.com.br\/contato\/#primaryimage","url":"https:\/\/novaerapousada.com.br\/wp-content\/uploads\/2019\/08\/IMG_3586-1.jpg","contentUrl":"https:\/\/novaerapousada.com.br\/wp-content\/uploads\/2019\/08\/IMG_3586-1.jpg","width":1919,"height":1168},{"@type":"BreadcrumbList","@id":"https:\/\/novaerapousada.com.br\/contato\/#breadcrumb","itemListElement":[{"@type":"ListItem","position":1,"name":"In\u00edcio","item":"https:\/\/novaerapousada.com.br\/"},{"@type":"ListItem","position":2,"name":"Contato"}]},{"@type":"WebSite","@id":"https:\/\/novaerapousada.com.br\/#website","url":"https:\/\/novaerapousada.com.br\/","name":"Pousada em Jericoacoara - Espa\u00e7o Nova Era Pousada","description":"(Portugu\u00eas do Brasil) Pousada em Jericoacoara","publisher":{"@id":"https:\/\/novaerapousada.com.br\/#organization"},"potentialAction":[{"@type":"SearchAction","target":{"@type":"EntryPoint","urlTemplate":"https:\/\/novaerapousada.com.br\/?s={search_term_string}"},"query-input":{"@type":"PropertyValueSpecification","valueRequired":true,"valueName":"search_term_string"}}],"inLanguage":"it-IT"},{"@type":"Organization","@id":"https:\/\/novaerapousada.com.br\/#organization","name":"Espa\u00e7o Nova Era Pousada","url":"https:\/\/novaerapousada.com.br\/","logo":{"@type":"ImageObject","inLanguage":"it-IT","@id":"https:\/\/novaerapousada.com.br\/#\/schema\/logo\/image\/","url":"http:\/\/novaera.decastro.dev\/wp-content\/uploads\/2019\/07\/favicon.png","contentUrl":"http:\/\/novaera.decastro.dev\/wp-content\/uploads\/2019\/07\/favicon.png","width":120,"height":120,"caption":"Espa\u00e7o Nova Era Pousada"},"image":{"@id":"https:\/\/novaerapousada.com.br\/#\/schema\/logo\/image\/"}}]}},"_links":{"self":[{"href":"https:\/\/novaerapousada.com.br\/it\/wp-json\/wp\/v2\/pages\/1829","targetHints":{"allow":["GET"]}}],"collection":[{"href":"https:\/\/novaerapousada.com.br\/it\/wp-json\/wp\/v2\/pages"}],"about":[{"href":"https:\/\/novaerapousada.com.br\/it\/wp-json\/wp\/v2\/types\/page"}],"author":[{"embeddable":true,"href":"https:\/\/novaerapousada.com.br\/it\/wp-json\/wp\/v2\/users\/1"}],"replies":[{"embeddable":true,"href":"https:\/\/novaerapousada.com.br\/it\/wp-json\/wp\/v2\/comments?post=1829"}],"version-history":[{"count":19,"href":"https:\/\/novaerapousada.com.br\/it\/wp-json\/wp\/v2\/pages\/1829\/revisions"}],"predecessor-version":[{"id":2250,"href":"https:\/\/novaerapousada.com.br\/it\/wp-json\/wp\/v2\/pages\/1829\/revisions\/2250"}],"wp:featuredmedia":[{"embeddable":true,"href":"https:\/\/novaerapousada.com.br\/it\/wp-json\/wp\/v2\/media\/2066"}],"wp:attachment":[{"href":"https:\/\/novaerapousada.com.br\/it\/wp-json\/wp\/v2\/media?parent=1829"}],"curies":[{"name":"wp","href":"https:\/\/api.w.org\/{rel}","templated":true}]}}