{"id":1821,"date":"2019-07-23T16:37:59","date_gmt":"2019-07-23T19:37:59","guid":{"rendered":"https:\/\/novaerapousada.com.br\/site\/?page_id=1821"},"modified":"2020-04-06T22:31:44","modified_gmt":"2020-04-07T01:31:44","slug":"servicos","status":"publish","type":"page","link":"https:\/\/novaerapousada.com.br\/it\/servicos\/","title":{"rendered":"Services"},"content":{"rendered":"<section class=\"l-section wpb_row height_medium\"><div class=\"l-section-h i-cf\"><div class=\"g-cols vc_row type_default valign_top\"><div class=\"vc_col-sm-6 wpb_column vc_column_container\"><div class=\"vc_column-inner\"><div class=\"wpb_wrapper\">\n\t<div class=\"wpb_text_column \">\n\t\t<div class=\"wpb_wrapper\">\n\t\t\t<h5>We offer our guests various services:<\/h5>\n<ul>\n<li><strong>Pub &#8211; Day Use<\/strong><br \/>\n<em>Verifica la disponibilit\u00e0 con la reception<\/em><\/li>\n<li><strong>Massaggi- Zen Space<\/strong><\/li>\n<li><strong>Buggy Rides<\/strong><\/li>\n<li><strong>ATV Ride<\/strong><\/li>\n<li><strong>Lezioni di Kitesurf e Windsurf<\/strong><\/li>\n<li><strong>Noleggio attrezzatura<\/strong><\/li>\n<li><strong>Passeggiate ecologiche<\/strong><\/li>\n<li><strong>Trasferimento Spiagge Fortaleza\/Jeri e\/o asfalto<\/strong><\/li>\n<li><strong>Vedi anche Parna\u00edba Delta e Len\u00e7\u00f3is Maranhenses<\/strong><\/li>\n<\/ul>\n<p>*Alcuni servizi sono esternalizzati.<\/p>\n\n\t\t<\/div>\n\t<\/div>\n<\/div><\/div><\/div><div class=\"vc_col-sm-6 wpb_column vc_column_container\"><div class=\"vc_column-inner\"><div class=\"wpb_wrapper\"><div class=\"w-slider style_none\"><div class=\"w-slider-h\"><div class=\"royalSlider\"><div class=\"rsContent\"><a class=\"rsImg\" data-rsw=\"1280\" data-rsh=\"852\" href=\"https:\/\/novaerapousada.com.br\/wp-content\/uploads\/2019\/08\/buda2.jpeg\"><span data-alt=\"\"><\/span><\/a><\/div><div class=\"rsContent\"><a class=\"rsImg\" data-rsw=\"500\" data-rsh=\"375\" href=\"https:\/\/novaerapousada.com.br\/wp-content\/uploads\/2019\/08\/windsurf_jericoacoara_05.jpg\"><span data-alt=\"\"><\/span><\/a><\/div><div class=\"rsContent\"><a class=\"rsImg\" data-rsw=\"390\" data-rsh=\"256\" href=\"https:\/\/novaerapousada.com.br\/wp-content\/uploads\/2019\/08\/quadriciclo-em-tatajuba.jpg\"><span data-alt=\"\"><\/span><\/a><\/div><div class=\"rsContent\"><a class=\"rsImg\" data-rsw=\"390\" data-rsh=\"256\" href=\"https:\/\/novaerapousada.com.br\/wp-content\/uploads\/2019\/08\/Passeio-Buggy-Jericoacoara-3-531x354-1.jpg\"><span data-alt=\"\"><\/span><\/a><\/div><div class=\"rsContent\"><a class=\"rsImg\" data-rsw=\"1000\" data-rsh=\"750\" href=\"https:\/\/novaerapousada.com.br\/wp-content\/uploads\/2019\/08\/Jericoacoara-Ceara-O-que-fazer-7.jpg\"><span data-alt=\"\"><\/span><\/a><\/div><div class=\"rsContent\"><a class=\"rsImg\" data-rsw=\"602\" data-rsh=\"400\" href=\"https:\/\/novaerapousada.com.br\/wp-content\/uploads\/2019\/08\/jericoacoara-capa.jpg\"><span data-alt=\"\"><\/span><\/a><\/div><div class=\"rsContent\"><a class=\"rsImg\" data-rsw=\"555\" data-rsh=\"350\" href=\"https:\/\/novaerapousada.com.br\/wp-content\/uploads\/2019\/08\/1391502708-555x350.jpg\"><span data-alt=\"\"><\/span><\/a><\/div><\/div><img decoding=\"async\" src=\"https:\/\/novaerapousada.com.br\/wp-content\/uploads\/2019\/08\/buda2.jpeg\" alt=\"\"><\/div><div class=\"w-slider-json\" onclick='return {&quot;loopRewind&quot;:true,&quot;slidesSpacing&quot;:0,&quot;imageScalePadding&quot;:0,&quot;numImagesToPreload&quot;:2,&quot;arrowsNav&quot;:true,&quot;arrowsNavAutoHide&quot;:false,&quot;transitionType&quot;:&quot;move&quot;,&quot;transitionSpeed&quot;:300,&quot;block&quot;:{&quot;moveEffect&quot;:&quot;none&quot;,&quot;speed&quot;:300},&quot;controlNavigation&quot;:&quot;none&quot;,&quot;autoplay&quot;:{&quot;enabled&quot;:true,&quot;pauseOnHover&quot;:true,&quot;delay&quot;:3000},&quot;imageScaleMode&quot;:&quot;fit-if-smaller&quot;,&quot;autoScaleSlider&quot;:true,&quot;autoScaleSliderWidth&quot;:1280,&quot;autoScaleSliderHeight&quot;:852,&quot;fitInViewport&quot;:false}'><\/div><\/div><\/div><\/div><\/div><\/div><\/div><\/section><section class=\"l-section wpb_row height_medium color_alternate\"><div class=\"l-section-h i-cf\"><div class=\"g-cols vc_row type_default valign_top\"><div class=\"vc_col-sm-12 wpb_column vc_column_container\"><div class=\"vc_column-inner\"><div class=\"wpb_wrapper\">\n\t<div class=\"wpb_text_column \">\n\t\t<div class=\"wpb_wrapper\">\n\t\t\t<h1>Zen Space<\/h1>\n\n\t\t<\/div>\n\t<\/div>\n<div class=\"w-separator size_small with_line width_default thick_1 style_solid color_border align_center with_content\"><div class=\"w-separator-h\"><i class=\"far fa-spa\"><\/i><\/div><\/div><div class=\"w-grid type_grid layout_gallery_default cols_3\" id=\"us_grid_1\"><style id=\"us_grid_1_css\">#us_grid_1 .w-grid-item{padding:0.5rem}#us_grid_1 .w-grid-list{margin:-0.5rem}.w-grid + #us_grid_1 .w-grid-list{margin-top:0.5rem}.l-section.width_full>div>div>.vc_col-sm-12>div>div>#us_grid_1 .w-grid-list{margin-left:0.5rem;margin-right:0.5rem}.l-section.height_auto>div>div>.vc_col-sm-12>div>div>#us_grid_1:first-child .w-grid-list{margin-top:0.5rem}.l-section.height_auto>div>div>.vc_col-sm-12>div>div>#us_grid_1:last-child .w-grid-list{margin-bottom:0.5rem}<\/style><style>#us_grid_1 .w-grid-item-h{}#us_grid_1 .usg_post_image_1{}#us_grid_1 .usg_post_image_1{transition-duration:0.3s;transform:scale(1) translate(0,0)}#us_grid_1 .w-grid-item-h:hover .usg_post_image_1{transform:scale(1) translate(0,0);opacity:0.5}<\/style><div class=\"w-grid-list\"><article class=\"w-grid-item ratio_1x1 post-2206 attachment type-attachment status-inherit hentry\" data-id=\"2206\">\n\t<div class=\"w-grid-item-h\">\n\t\t\t\t\t<a class=\"w-grid-item-anchor\" href=\"https:\/\/novaerapousada.com.br\/wp-content\/uploads\/2020\/04\/IMG_6592.jpg\" ref=\"magnificPopupGrid\" title=\"IMG_6592\"><\/a>\n\t\t\t\t<div class=\"w-post-elm post_image usg_post_image_1 stretched\"><img loading=\"lazy\" decoding=\"async\" width=\"640\" height=\"427\" src=\"https:\/\/novaerapousada.com.br\/wp-content\/uploads\/2020\/04\/IMG_6592-1024x683.jpg\" class=\"attachment-large size-large\" alt=\"\" srcset=\"https:\/\/novaerapousada.com.br\/wp-content\/uploads\/2020\/04\/IMG_6592-1024x683.jpg 1024w, https:\/\/novaerapousada.com.br\/wp-content\/uploads\/2020\/04\/IMG_6592-300x200.jpg 300w, https:\/\/novaerapousada.com.br\/wp-content\/uploads\/2020\/04\/IMG_6592-1536x1024.jpg 1536w, https:\/\/novaerapousada.com.br\/wp-content\/uploads\/2020\/04\/IMG_6592.jpg 1920w\" sizes=\"auto, (max-width: 640px) 100vw, 640px\" \/><\/div>\t<\/div>\n<\/article>\n<article class=\"w-grid-item ratio_1x1 post-2207 attachment type-attachment status-inherit hentry\" data-id=\"2207\">\n\t<div class=\"w-grid-item-h\">\n\t\t\t\t\t<a class=\"w-grid-item-anchor\" href=\"https:\/\/novaerapousada.com.br\/wp-content\/uploads\/2020\/04\/IMG_6598.jpg\" ref=\"magnificPopupGrid\" title=\"IMG_6598\"><\/a>\n\t\t\t\t<div class=\"w-post-elm post_image usg_post_image_1 stretched\"><img loading=\"lazy\" decoding=\"async\" width=\"640\" height=\"427\" src=\"https:\/\/novaerapousada.com.br\/wp-content\/uploads\/2020\/04\/IMG_6598-1024x683.jpg\" class=\"attachment-large size-large\" alt=\"\" srcset=\"https:\/\/novaerapousada.com.br\/wp-content\/uploads\/2020\/04\/IMG_6598-1024x683.jpg 1024w, https:\/\/novaerapousada.com.br\/wp-content\/uploads\/2020\/04\/IMG_6598-300x200.jpg 300w, https:\/\/novaerapousada.com.br\/wp-content\/uploads\/2020\/04\/IMG_6598-1536x1024.jpg 1536w, https:\/\/novaerapousada.com.br\/wp-content\/uploads\/2020\/04\/IMG_6598.jpg 1920w\" sizes=\"auto, (max-width: 640px) 100vw, 640px\" \/><\/div>\t<\/div>\n<\/article>\n<article class=\"w-grid-item ratio_1x1 post-2208 attachment type-attachment status-inherit hentry\" data-id=\"2208\">\n\t<div class=\"w-grid-item-h\">\n\t\t\t\t\t<a class=\"w-grid-item-anchor\" href=\"https:\/\/novaerapousada.com.br\/wp-content\/uploads\/2020\/04\/IMG_6632.jpg\" ref=\"magnificPopupGrid\" title=\"IMG_6632\"><\/a>\n\t\t\t\t<div class=\"w-post-elm post_image usg_post_image_1 stretched\"><img loading=\"lazy\" decoding=\"async\" width=\"640\" height=\"394\" src=\"https:\/\/novaerapousada.com.br\/wp-content\/uploads\/2020\/04\/IMG_6632-1024x631.jpg\" class=\"attachment-large size-large\" alt=\"\" srcset=\"https:\/\/novaerapousada.com.br\/wp-content\/uploads\/2020\/04\/IMG_6632-1024x631.jpg 1024w, https:\/\/novaerapousada.com.br\/wp-content\/uploads\/2020\/04\/IMG_6632-300x185.jpg 300w, https:\/\/novaerapousada.com.br\/wp-content\/uploads\/2020\/04\/IMG_6632-1536x946.jpg 1536w, https:\/\/novaerapousada.com.br\/wp-content\/uploads\/2020\/04\/IMG_6632.jpg 1920w\" sizes=\"auto, (max-width: 640px) 100vw, 640px\" \/><\/div>\t<\/div>\n<\/article>\n<\/div>\t<div class=\"w-grid-json hidden\" onclick='return {&quot;ajax_url&quot;:&quot;https:\\\/\\\/novaerapousada.com.br\\\/wp-admin\\\/admin-ajax.php&quot;,&quot;permalink_url&quot;:&quot;https:\\\/\\\/novaerapousada.com.br\\\/it\\\/pousada\\\/img_6632-2\\\/&quot;,&quot;action&quot;:&quot;us_ajax_grid&quot;,&quot;max_num_pages&quot;:1,&quot;infinite_scroll&quot;:0,&quot;template_vars&quot;:{&quot;query_args&quot;:{&quot;post_type&quot;:[&quot;attachment&quot;],&quot;post__in&quot;:[&quot;2208&quot;,&quot;2207&quot;,&quot;2206&quot;],&quot;post_status&quot;:&quot;inherit&quot;,&quot;post_mime_type&quot;:&quot;image&quot;,&quot;orderby&quot;:{&quot;title&quot;:&quot;ASC&quot;},&quot;posts_per_page&quot;:&quot;3&quot;},&quot;post_id&quot;:1821,&quot;us_grid_index&quot;:1,&quot;us_grid_ajax_index&quot;:1,&quot;exclude_items&quot;:&quot;none&quot;,&quot;items_offset&quot;:&quot;1&quot;,&quot;items_layout&quot;:&quot;gallery_default&quot;,&quot;type&quot;:&quot;grid&quot;,&quot;columns&quot;:&quot;3&quot;,&quot;img_size&quot;:&quot;default&quot;,&quot;overriding_link&quot;:&quot;popup_post_image&quot;}}'><\/div>\n<\/div><\/div><\/div><\/div><\/div><\/div><\/section><section class=\"l-section wpb_row height_medium\"><div class=\"l-section-h i-cf\"><div class=\"g-cols vc_row type_default valign_top\"><div class=\"vc_col-sm-12 wpb_column vc_column_container\"><div class=\"vc_column-inner\"><div class=\"wpb_wrapper\">\n\t<div class=\"wpb_text_column \">\n\t\t<div class=\"wpb_wrapper\">\n\t\t\t<h1>Meet our Bar<\/h1>\n\n\t\t<\/div>\n\t<\/div>\n<div class=\"w-separator size_small with_line width_default thick_1 style_solid color_border align_center with_content\"><div class=\"w-separator-h\"><i class=\"far fa-cocktail\"><\/i><\/div><\/div><div class=\"w-grid type_grid layout_gallery_default cols_5\" id=\"us_grid_2\"><style id=\"us_grid_2_css\">#us_grid_2 .w-grid-item{padding:0.5rem}#us_grid_2 .w-grid-list{margin:-0.5rem}.w-grid + #us_grid_2 .w-grid-list{margin-top:0.5rem}.l-section.width_full>div>div>.vc_col-sm-12>div>div>#us_grid_2 .w-grid-list{margin-left:0.5rem;margin-right:0.5rem}.l-section.height_auto>div>div>.vc_col-sm-12>div>div>#us_grid_2:first-child .w-grid-list{margin-top:0.5rem}.l-section.height_auto>div>div>.vc_col-sm-12>div>div>#us_grid_2:last-child .w-grid-list{margin-bottom:0.5rem}@media (max-width:599px){#us_grid_2 .w-grid-item{width:33.333333333333%}}<\/style><style>#us_grid_2 .w-grid-item-h{}#us_grid_2 .usg_post_image_1{}#us_grid_2 .usg_post_image_1{transition-duration:0.3s;transform:scale(1) translate(0,0)}#us_grid_2 .w-grid-item-h:hover .usg_post_image_1{transform:scale(1) translate(0,0);opacity:0.5}<\/style><div class=\"w-grid-list\"><article class=\"w-grid-item ratio_1x1 post-2175 attachment type-attachment status-inherit hentry\" data-id=\"2175\">\n\t<div class=\"w-grid-item-h\">\n\t\t\t\t\t<a class=\"w-grid-item-anchor\" href=\"https:\/\/novaerapousada.com.br\/wp-content\/uploads\/2020\/04\/IMG_6690.jpg\" ref=\"magnificPopupGrid\" title=\"IMG_6690\"><\/a>\n\t\t\t\t<div class=\"w-post-elm post_image usg_post_image_1 stretched\"><img loading=\"lazy\" decoding=\"async\" width=\"640\" height=\"403\" src=\"https:\/\/novaerapousada.com.br\/wp-content\/uploads\/2020\/04\/IMG_6690-1024x644.jpg\" class=\"attachment-large size-large\" alt=\"\" srcset=\"https:\/\/novaerapousada.com.br\/wp-content\/uploads\/2020\/04\/IMG_6690-1024x644.jpg 1024w, https:\/\/novaerapousada.com.br\/wp-content\/uploads\/2020\/04\/IMG_6690-300x189.jpg 300w, https:\/\/novaerapousada.com.br\/wp-content\/uploads\/2020\/04\/IMG_6690-1536x966.jpg 1536w, https:\/\/novaerapousada.com.br\/wp-content\/uploads\/2020\/04\/IMG_6690.jpg 1920w\" sizes=\"auto, (max-width: 640px) 100vw, 640px\" \/><\/div>\t<\/div>\n<\/article>\n<article class=\"w-grid-item ratio_1x1 post-2176 attachment type-attachment status-inherit hentry\" data-id=\"2176\">\n\t<div class=\"w-grid-item-h\">\n\t\t\t\t\t<a class=\"w-grid-item-anchor\" href=\"https:\/\/novaerapousada.com.br\/wp-content\/uploads\/2020\/04\/IMG_6704.jpg\" ref=\"magnificPopupGrid\" title=\"IMG_6704\"><\/a>\n\t\t\t\t<div class=\"w-post-elm post_image usg_post_image_1 stretched\"><img loading=\"lazy\" decoding=\"async\" width=\"640\" height=\"398\" src=\"https:\/\/novaerapousada.com.br\/wp-content\/uploads\/2020\/04\/IMG_6704-1024x637.jpg\" class=\"attachment-large size-large\" alt=\"\" srcset=\"https:\/\/novaerapousada.com.br\/wp-content\/uploads\/2020\/04\/IMG_6704-1024x637.jpg 1024w, https:\/\/novaerapousada.com.br\/wp-content\/uploads\/2020\/04\/IMG_6704-300x187.jpg 300w, https:\/\/novaerapousada.com.br\/wp-content\/uploads\/2020\/04\/IMG_6704-1536x955.jpg 1536w, https:\/\/novaerapousada.com.br\/wp-content\/uploads\/2020\/04\/IMG_6704.jpg 1920w\" sizes=\"auto, (max-width: 640px) 100vw, 640px\" \/><\/div>\t<\/div>\n<\/article>\n<article class=\"w-grid-item ratio_1x1 post-2177 attachment type-attachment status-inherit hentry\" data-id=\"2177\">\n\t<div class=\"w-grid-item-h\">\n\t\t\t\t\t<a class=\"w-grid-item-anchor\" href=\"https:\/\/novaerapousada.com.br\/wp-content\/uploads\/2020\/04\/IMG_6719.jpg\" ref=\"magnificPopupGrid\" title=\"IMG_6719\"><\/a>\n\t\t\t\t<div class=\"w-post-elm post_image usg_post_image_1 stretched\"><img loading=\"lazy\" decoding=\"async\" width=\"640\" height=\"406\" src=\"https:\/\/novaerapousada.com.br\/wp-content\/uploads\/2020\/04\/IMG_6719-1024x650.jpg\" class=\"attachment-large size-large\" alt=\"\" srcset=\"https:\/\/novaerapousada.com.br\/wp-content\/uploads\/2020\/04\/IMG_6719-1024x650.jpg 1024w, https:\/\/novaerapousada.com.br\/wp-content\/uploads\/2020\/04\/IMG_6719-300x190.jpg 300w, https:\/\/novaerapousada.com.br\/wp-content\/uploads\/2020\/04\/IMG_6719-1536x975.jpg 1536w, https:\/\/novaerapousada.com.br\/wp-content\/uploads\/2020\/04\/IMG_6719.jpg 1920w\" sizes=\"auto, (max-width: 640px) 100vw, 640px\" \/><\/div>\t<\/div>\n<\/article>\n<article class=\"w-grid-item ratio_1x1 post-2178 attachment type-attachment status-inherit hentry\" data-id=\"2178\">\n\t<div class=\"w-grid-item-h\">\n\t\t\t\t\t<a class=\"w-grid-item-anchor\" href=\"https:\/\/novaerapousada.com.br\/wp-content\/uploads\/2020\/04\/IMG_6739.jpg\" ref=\"magnificPopupGrid\" title=\"IMG_6739\"><\/a>\n\t\t\t\t<div class=\"w-post-elm post_image usg_post_image_1 stretched\"><img loading=\"lazy\" decoding=\"async\" width=\"640\" height=\"379\" src=\"https:\/\/novaerapousada.com.br\/wp-content\/uploads\/2020\/04\/IMG_6739-1024x606.jpg\" class=\"attachment-large size-large\" alt=\"\" srcset=\"https:\/\/novaerapousada.com.br\/wp-content\/uploads\/2020\/04\/IMG_6739-1024x606.jpg 1024w, https:\/\/novaerapousada.com.br\/wp-content\/uploads\/2020\/04\/IMG_6739-300x178.jpg 300w, https:\/\/novaerapousada.com.br\/wp-content\/uploads\/2020\/04\/IMG_6739-1536x910.jpg 1536w, https:\/\/novaerapousada.com.br\/wp-content\/uploads\/2020\/04\/IMG_6739.jpg 1920w\" sizes=\"auto, (max-width: 640px) 100vw, 640px\" \/><\/div>\t<\/div>\n<\/article>\n<article class=\"w-grid-item ratio_1x1 post-2179 attachment type-attachment status-inherit hentry\" data-id=\"2179\">\n\t<div class=\"w-grid-item-h\">\n\t\t\t\t\t<a class=\"w-grid-item-anchor\" href=\"https:\/\/novaerapousada.com.br\/wp-content\/uploads\/2020\/04\/IMG_6841.jpg\" ref=\"magnificPopupGrid\" title=\"IMG_6841\"><\/a>\n\t\t\t\t<div class=\"w-post-elm post_image usg_post_image_1 stretched\"><img loading=\"lazy\" decoding=\"async\" width=\"640\" height=\"413\" src=\"https:\/\/novaerapousada.com.br\/wp-content\/uploads\/2020\/04\/IMG_6841-1024x660.jpg\" class=\"attachment-large size-large\" alt=\"\" srcset=\"https:\/\/novaerapousada.com.br\/wp-content\/uploads\/2020\/04\/IMG_6841-1024x660.jpg 1024w, https:\/\/novaerapousada.com.br\/wp-content\/uploads\/2020\/04\/IMG_6841-300x193.jpg 300w, https:\/\/novaerapousada.com.br\/wp-content\/uploads\/2020\/04\/IMG_6841-1536x990.jpg 1536w, https:\/\/novaerapousada.com.br\/wp-content\/uploads\/2020\/04\/IMG_6841.jpg 1920w\" sizes=\"auto, (max-width: 640px) 100vw, 640px\" \/><\/div>\t<\/div>\n<\/article>\n<\/div>\t<div class=\"w-grid-json hidden\" onclick='return {&quot;ajax_url&quot;:&quot;https:\\\/\\\/novaerapousada.com.br\\\/wp-admin\\\/admin-ajax.php&quot;,&quot;permalink_url&quot;:&quot;https:\\\/\\\/novaerapousada.com.br\\\/it\\\/pousada\\\/img_6841\\\/&quot;,&quot;action&quot;:&quot;us_ajax_grid&quot;,&quot;max_num_pages&quot;:1,&quot;infinite_scroll&quot;:0,&quot;template_vars&quot;:{&quot;query_args&quot;:{&quot;post_type&quot;:[&quot;attachment&quot;],&quot;post__in&quot;:[&quot;2179&quot;,&quot;2178&quot;,&quot;2177&quot;,&quot;2176&quot;,&quot;2175&quot;],&quot;post_status&quot;:&quot;inherit&quot;,&quot;post_mime_type&quot;:&quot;image&quot;,&quot;orderby&quot;:{&quot;title&quot;:&quot;ASC&quot;},&quot;posts_per_page&quot;:&quot;5&quot;},&quot;post_id&quot;:2208,&quot;us_grid_index&quot;:2,&quot;us_grid_ajax_index&quot;:1,&quot;exclude_items&quot;:&quot;none&quot;,&quot;items_offset&quot;:&quot;1&quot;,&quot;items_layout&quot;:&quot;gallery_default&quot;,&quot;type&quot;:&quot;grid&quot;,&quot;columns&quot;:&quot;5&quot;,&quot;img_size&quot;:&quot;default&quot;,&quot;overriding_link&quot;:&quot;popup_post_image&quot;}}'><\/div>\n<\/div><\/div><\/div><\/div><\/div><\/div><\/section>\n","protected":false},"excerpt":{"rendered":"","protected":false},"author":1,"featured_media":1927,"parent":0,"menu_order":0,"comment_status":"closed","ping_status":"closed","template":"","meta":{"_acf_changed":false,"_joinchat":[],"footnotes":""},"class_list":["post-1821","page","type-page","status-publish","has-post-thumbnail","hentry"],"acf":[],"yoast_head":"<!-- This site is optimized with the Yoast SEO plugin v26.3 - https:\/\/yoast.com\/wordpress\/plugins\/seo\/ -->\n<title>Services - Pousada em Jericoacoara - Espa\u00e7o Nova Era Pousada<\/title>\n<meta name=\"robots\" content=\"index, follow, max-snippet:-1, max-image-preview:large, max-video-preview:-1\" \/>\n<link rel=\"canonical\" href=\"https:\/\/novaerapousada.com.br\/servicos\/\" \/>\n<meta property=\"og:locale\" content=\"it_IT\" \/>\n<meta property=\"og:type\" content=\"article\" \/>\n<meta property=\"og:title\" content=\"Services - Pousada em Jericoacoara - Espa\u00e7o Nova Era Pousada\" \/>\n<meta property=\"og:url\" content=\"https:\/\/novaerapousada.com.br\/servicos\/\" \/>\n<meta property=\"og:site_name\" content=\"Pousada em Jericoacoara - Espa\u00e7o Nova Era Pousada\" \/>\n<meta property=\"article:modified_time\" content=\"2020-04-07T01:31:44+00:00\" \/>\n<meta property=\"og:image\" content=\"https:\/\/novaerapousada.com.br\/wp-content\/uploads\/2019\/08\/Lagoa_do_Para\u00edso_em_Jericoacoara-1.jpg\" \/>\n\t<meta property=\"og:image:width\" content=\"1920\" \/>\n\t<meta property=\"og:image:height\" content=\"952\" \/>\n\t<meta property=\"og:image:type\" content=\"image\/jpeg\" \/>\n<meta name=\"twitter:card\" content=\"summary_large_image\" \/>\n<meta name=\"twitter:label1\" content=\"Tempo di lettura stimato\" \/>\n\t<meta name=\"twitter:data1\" content=\"1 minuto\" \/>\n<script type=\"application\/ld+json\" class=\"yoast-schema-graph\">{\"@context\":\"https:\/\/schema.org\",\"@graph\":[{\"@type\":\"WebPage\",\"@id\":\"https:\/\/novaerapousada.com.br\/servicos\/\",\"url\":\"https:\/\/novaerapousada.com.br\/servicos\/\",\"name\":\"Services - Pousada em Jericoacoara - Espa\u00e7o Nova Era Pousada\",\"isPartOf\":{\"@id\":\"https:\/\/novaerapousada.com.br\/#website\"},\"primaryImageOfPage\":{\"@id\":\"https:\/\/novaerapousada.com.br\/servicos\/#primaryimage\"},\"image\":{\"@id\":\"https:\/\/novaerapousada.com.br\/servicos\/#primaryimage\"},\"thumbnailUrl\":\"https:\/\/novaerapousada.com.br\/wp-content\/uploads\/2019\/08\/Lagoa_do_Para\u00edso_em_Jericoacoara-1.jpg\",\"datePublished\":\"2019-07-23T19:37:59+00:00\",\"dateModified\":\"2020-04-07T01:31:44+00:00\",\"breadcrumb\":{\"@id\":\"https:\/\/novaerapousada.com.br\/servicos\/#breadcrumb\"},\"inLanguage\":\"it-IT\",\"potentialAction\":[{\"@type\":\"ReadAction\",\"target\":[\"https:\/\/novaerapousada.com.br\/servicos\/\"]}]},{\"@type\":\"ImageObject\",\"inLanguage\":\"it-IT\",\"@id\":\"https:\/\/novaerapousada.com.br\/servicos\/#primaryimage\",\"url\":\"https:\/\/novaerapousada.com.br\/wp-content\/uploads\/2019\/08\/Lagoa_do_Para\u00edso_em_Jericoacoara-1.jpg\",\"contentUrl\":\"https:\/\/novaerapousada.com.br\/wp-content\/uploads\/2019\/08\/Lagoa_do_Para\u00edso_em_Jericoacoara-1.jpg\",\"width\":1920,\"height\":952},{\"@type\":\"BreadcrumbList\",\"@id\":\"https:\/\/novaerapousada.com.br\/servicos\/#breadcrumb\",\"itemListElement\":[{\"@type\":\"ListItem\",\"position\":1,\"name\":\"In\u00edcio\",\"item\":\"https:\/\/novaerapousada.com.br\/\"},{\"@type\":\"ListItem\",\"position\":2,\"name\":\"[:pb]Servi\u00e7os[:en]Services[:it]Services[:]\"}]},{\"@type\":\"WebSite\",\"@id\":\"https:\/\/novaerapousada.com.br\/#website\",\"url\":\"https:\/\/novaerapousada.com.br\/\",\"name\":\"Pousada em Jericoacoara - Espa\u00e7o Nova Era Pousada\",\"description\":\"(Portugu\u00eas do Brasil) Pousada em Jericoacoara\",\"publisher\":{\"@id\":\"https:\/\/novaerapousada.com.br\/#organization\"},\"potentialAction\":[{\"@type\":\"SearchAction\",\"target\":{\"@type\":\"EntryPoint\",\"urlTemplate\":\"https:\/\/novaerapousada.com.br\/?s={search_term_string}\"},\"query-input\":{\"@type\":\"PropertyValueSpecification\",\"valueRequired\":true,\"valueName\":\"search_term_string\"}}],\"inLanguage\":\"it-IT\"},{\"@type\":\"Organization\",\"@id\":\"https:\/\/novaerapousada.com.br\/#organization\",\"name\":\"Espa\u00e7o Nova Era Pousada\",\"url\":\"https:\/\/novaerapousada.com.br\/\",\"logo\":{\"@type\":\"ImageObject\",\"inLanguage\":\"it-IT\",\"@id\":\"https:\/\/novaerapousada.com.br\/#\/schema\/logo\/image\/\",\"url\":\"http:\/\/novaera.decastro.dev\/wp-content\/uploads\/2019\/07\/favicon.png\",\"contentUrl\":\"http:\/\/novaera.decastro.dev\/wp-content\/uploads\/2019\/07\/favicon.png\",\"width\":120,\"height\":120,\"caption\":\"Espa\u00e7o Nova Era Pousada\"},\"image\":{\"@id\":\"https:\/\/novaerapousada.com.br\/#\/schema\/logo\/image\/\"}}]}<\/script>\n<!-- \/ Yoast SEO plugin. -->","yoast_head_json":{"title":"Services - Pousada em Jericoacoara - Espa\u00e7o Nova Era Pousada","robots":{"index":"index","follow":"follow","max-snippet":"max-snippet:-1","max-image-preview":"max-image-preview:large","max-video-preview":"max-video-preview:-1"},"canonical":"https:\/\/novaerapousada.com.br\/servicos\/","og_locale":"it_IT","og_type":"article","og_title":"Services - Pousada em Jericoacoara - Espa\u00e7o Nova Era Pousada","og_url":"https:\/\/novaerapousada.com.br\/servicos\/","og_site_name":"Pousada em Jericoacoara - Espa\u00e7o Nova Era Pousada","article_modified_time":"2020-04-07T01:31:44+00:00","og_image":[{"width":1920,"height":952,"url":"https:\/\/novaerapousada.com.br\/wp-content\/uploads\/2019\/08\/Lagoa_do_Para\u00edso_em_Jericoacoara-1.jpg","type":"image\/jpeg"}],"twitter_card":"summary_large_image","twitter_misc":{"Tempo di lettura stimato":"1 minuto"},"schema":{"@context":"https:\/\/schema.org","@graph":[{"@type":"WebPage","@id":"https:\/\/novaerapousada.com.br\/servicos\/","url":"https:\/\/novaerapousada.com.br\/servicos\/","name":"Services - Pousada em Jericoacoara - Espa\u00e7o Nova Era Pousada","isPartOf":{"@id":"https:\/\/novaerapousada.com.br\/#website"},"primaryImageOfPage":{"@id":"https:\/\/novaerapousada.com.br\/servicos\/#primaryimage"},"image":{"@id":"https:\/\/novaerapousada.com.br\/servicos\/#primaryimage"},"thumbnailUrl":"https:\/\/novaerapousada.com.br\/wp-content\/uploads\/2019\/08\/Lagoa_do_Para\u00edso_em_Jericoacoara-1.jpg","datePublished":"2019-07-23T19:37:59+00:00","dateModified":"2020-04-07T01:31:44+00:00","breadcrumb":{"@id":"https:\/\/novaerapousada.com.br\/servicos\/#breadcrumb"},"inLanguage":"it-IT","potentialAction":[{"@type":"ReadAction","target":["https:\/\/novaerapousada.com.br\/servicos\/"]}]},{"@type":"ImageObject","inLanguage":"it-IT","@id":"https:\/\/novaerapousada.com.br\/servicos\/#primaryimage","url":"https:\/\/novaerapousada.com.br\/wp-content\/uploads\/2019\/08\/Lagoa_do_Para\u00edso_em_Jericoacoara-1.jpg","contentUrl":"https:\/\/novaerapousada.com.br\/wp-content\/uploads\/2019\/08\/Lagoa_do_Para\u00edso_em_Jericoacoara-1.jpg","width":1920,"height":952},{"@type":"BreadcrumbList","@id":"https:\/\/novaerapousada.com.br\/servicos\/#breadcrumb","itemListElement":[{"@type":"ListItem","position":1,"name":"In\u00edcio","item":"https:\/\/novaerapousada.com.br\/"},{"@type":"ListItem","position":2,"name":"[:pb]Servi\u00e7os[:en]Services[:it]Services[:]"}]},{"@type":"WebSite","@id":"https:\/\/novaerapousada.com.br\/#website","url":"https:\/\/novaerapousada.com.br\/","name":"Pousada em Jericoacoara - Espa\u00e7o Nova Era Pousada","description":"(Portugu\u00eas do Brasil) Pousada em Jericoacoara","publisher":{"@id":"https:\/\/novaerapousada.com.br\/#organization"},"potentialAction":[{"@type":"SearchAction","target":{"@type":"EntryPoint","urlTemplate":"https:\/\/novaerapousada.com.br\/?s={search_term_string}"},"query-input":{"@type":"PropertyValueSpecification","valueRequired":true,"valueName":"search_term_string"}}],"inLanguage":"it-IT"},{"@type":"Organization","@id":"https:\/\/novaerapousada.com.br\/#organization","name":"Espa\u00e7o Nova Era Pousada","url":"https:\/\/novaerapousada.com.br\/","logo":{"@type":"ImageObject","inLanguage":"it-IT","@id":"https:\/\/novaerapousada.com.br\/#\/schema\/logo\/image\/","url":"http:\/\/novaera.decastro.dev\/wp-content\/uploads\/2019\/07\/favicon.png","contentUrl":"http:\/\/novaera.decastro.dev\/wp-content\/uploads\/2019\/07\/favicon.png","width":120,"height":120,"caption":"Espa\u00e7o Nova Era Pousada"},"image":{"@id":"https:\/\/novaerapousada.com.br\/#\/schema\/logo\/image\/"}}]}},"_links":{"self":[{"href":"https:\/\/novaerapousada.com.br\/it\/wp-json\/wp\/v2\/pages\/1821","targetHints":{"allow":["GET"]}}],"collection":[{"href":"https:\/\/novaerapousada.com.br\/it\/wp-json\/wp\/v2\/pages"}],"about":[{"href":"https:\/\/novaerapousada.com.br\/it\/wp-json\/wp\/v2\/types\/page"}],"author":[{"embeddable":true,"href":"https:\/\/novaerapousada.com.br\/it\/wp-json\/wp\/v2\/users\/1"}],"replies":[{"embeddable":true,"href":"https:\/\/novaerapousada.com.br\/it\/wp-json\/wp\/v2\/comments?post=1821"}],"version-history":[{"count":18,"href":"https:\/\/novaerapousada.com.br\/it\/wp-json\/wp\/v2\/pages\/1821\/revisions"}],"predecessor-version":[{"id":2241,"href":"https:\/\/novaerapousada.com.br\/it\/wp-json\/wp\/v2\/pages\/1821\/revisions\/2241"}],"wp:featuredmedia":[{"embeddable":true,"href":"https:\/\/novaerapousada.com.br\/it\/wp-json\/wp\/v2\/media\/1927"}],"wp:attachment":[{"href":"https:\/\/novaerapousada.com.br\/it\/wp-json\/wp\/v2\/media?parent=1821"}],"curies":[{"name":"wp","href":"https:\/\/api.w.org\/{rel}","templated":true}]}}