{"id":1819,"date":"2019-07-23T16:37:08","date_gmt":"2019-07-23T19:37:08","guid":{"rendered":"https:\/\/novaerapousada.com.br\/site\/?page_id=1819"},"modified":"2020-03-23T01:03:36","modified_gmt":"2020-03-23T04:03:36","slug":"jericoacoara","status":"publish","type":"page","link":"https:\/\/novaerapousada.com.br\/it\/jericoacoara\/","title":{"rendered":"Jericoacoara"},"content":{"rendered":"<section class=\"l-section wpb_row height_medium\"><div class=\"l-section-h i-cf\"><div class=\"g-cols vc_row type_default valign_top\"><div class=\"vc_col-sm-12 wpb_column vc_column_container\"><div class=\"vc_column-inner\"><div class=\"wpb_wrapper\">\n\t<div class=\"wpb_text_column \">\n\t\t<div class=\"wpb_wrapper\">\n\t\t\t<h3><em>Una vera oasi tra le dune di Cear\u00e1.<\/em><\/h3>\n<p>Situato a 300 km da Fortaleza, Jericoacoara, o semplicemente Jeri, \u00e8 un santuario ecologico. Era considerata una delle 10 spiagge pi\u00f9 belle del mondo dal Washington Post. Nel 1984 divenne un&#8217;area di protezione ambientale (APA), conservando la sua bellezza naturale praticamente intatta. Dune mobili, palme da cocco, lagune cristalline, mangrovie, grotte, insenature e spiagge oceaniche mescolano aspetti del backcountry e della costa in questo ex villaggio di pescatori. Dal 2002 Jericoacoara \u00e8 diventato Parco Nazionale!<\/p>\n<h3>Un posto speciale&#8230;<\/h3>\n<p>L&#8217;elettricit\u00e0 \u00e8 limitata a una rete sotterranea che alimenta l&#8217;intero villaggio, non ci sono lampioni, solo luce delle stelle e della luna. Il contatto con la natura \u00e8 estremamente intenso e ti fa dimenticare il resto del mondo: niente traffico, orari o complicazioni. Tutto \u00e8 molto semplice e ampio, dando un senso indescrivibile di libert\u00e0.<\/p>\n<h3>Per sempre&#8230;<\/h3>\n<p>Chi conosce Jericoacoara non dimentica mai. La bellezza del paesaggio \u00e8 impressionante in ogni momento: lagune di acqua dolce e salata, spiagge incontaminate, rocce scolpite dal vento in un&#8217;area di 200 km\u00b2, dove \u00e8 vietata la caccia, la pesca predatoria o qualsiasi tipo di inquinamento. Vale la pena rimanere almeno cinque giorni, perch\u00e9 il viaggio \u00e8 stancante ma i visitatori di solito allungano il viaggio per qualche giorno in pi\u00f9. A volte perch\u00e9 non hanno avuto abbastanza tempo per sapere tutto, a volte perch\u00e9 non riescono a lasciarsi dietro cos\u00ec tanta bellezza &#8230;<\/p>\n<h3>Il sorgere della luna o il tramonto???<\/h3>\n<p>Poich\u00e9 si trova nell&#8217;estremo nord dello stato di Cear\u00e1, Jericoacoara ha il mare a est e ovest, rendendolo uno dei pochi luoghi in Brasile dove puoi vedere l&#8217;alba e il tramonto in mare, cos\u00ec come l&#8217;alba. e il tramonto della luna.<\/p>\n<p>Per ammirare il tramonto, il luogo pi\u00f9 ricercato \u00e8 una gigantesca duna situata sul lato ovest del villaggio, conosciuta come Sunset Dune. \u00c8 gi\u00e0 tradizione a Jericoacoara, capitare a una ruota di capoeira sulla spiaggia, ogni giorno dopo il tramonto.<\/p>\n\n\t\t<\/div>\n\t<\/div>\n<\/div><\/div><\/div><\/div><\/div><\/section><section class=\"l-section wpb_row height_medium width_full\"><div class=\"l-section-h i-cf\"><div class=\"g-cols vc_row type_default valign_top\"><div class=\"vc_col-sm-12 wpb_column vc_column_container\"><div class=\"vc_column-inner\"><div class=\"wpb_wrapper\"><div class=\"w-grid type_masonry layout_gallery_default cols_4 with_isotope\" id=\"us_grid_1\"><style id=\"us_grid_1_css\">#us_grid_1 .w-grid-item{padding:1rem}#us_grid_1 .w-grid-list{margin:-1rem}.w-grid + #us_grid_1 .w-grid-list{margin-top:1rem}.l-section.width_full>div>div>.vc_col-sm-12>div>div>#us_grid_1 .w-grid-list{margin-left:1rem;margin-right:1rem}.l-section.height_auto>div>div>.vc_col-sm-12>div>div>#us_grid_1:first-child .w-grid-list{margin-top:1rem}.l-section.height_auto>div>div>.vc_col-sm-12>div>div>#us_grid_1:last-child .w-grid-list{margin-bottom:1rem}@media (max-width:1199px){#us_grid_1 .w-grid-item{width:33.333333333333%}}@media (max-width:899px){#us_grid_1 .w-grid-item{width:50%}}@media (max-width:599px){#us_grid_1 .w-grid-list{margin:0}#us_grid_1 .w-grid-item{width:100%;padding:0;margin-bottom:1rem}}<\/style><style>#us_grid_1 .w-grid-item-h{}#us_grid_1 .usg_post_image_1{}#us_grid_1 .usg_post_image_1{transition-duration:0.3s;transform:scale(1) translate(0,0)}#us_grid_1 .w-grid-item-h:hover .usg_post_image_1{transform:scale(1) translate(0,0);opacity:0.5}<\/style><div class=\"w-grid-list\"><article class=\"w-grid-item ratio_1x1 post-1906 attachment type-attachment status-inherit hentry\" data-id=\"1906\">\n\t<div class=\"w-grid-item-h\">\n\t\t\t\t\t<a class=\"w-grid-item-anchor\" href=\"https:\/\/novaerapousada.com.br\/wp-content\/uploads\/2019\/08\/Anderps_064.jpg\" ref=\"magnificPopupGrid\" title=\"\"><\/a>\n\t\t\t\t<div class=\"w-post-elm post_image usg_post_image_1 stretched\"><img loading=\"lazy\" decoding=\"async\" width=\"640\" height=\"425\" src=\"https:\/\/novaerapousada.com.br\/wp-content\/uploads\/2019\/08\/Anderps_064-1024x680.jpg\" class=\"attachment-large size-large\" alt=\"\" srcset=\"https:\/\/novaerapousada.com.br\/wp-content\/uploads\/2019\/08\/Anderps_064-1024x680.jpg 1024w, https:\/\/novaerapousada.com.br\/wp-content\/uploads\/2019\/08\/Anderps_064-300x199.jpg 300w, https:\/\/novaerapousada.com.br\/wp-content\/uploads\/2019\/08\/Anderps_064.jpg 1200w\" sizes=\"auto, (max-width: 640px) 100vw, 640px\" \/><\/div>\t<\/div>\n<\/article>\n<article class=\"w-grid-item ratio_1x1 post-1907 attachment type-attachment status-inherit hentry\" data-id=\"1907\">\n\t<div class=\"w-grid-item-h\">\n\t\t\t\t\t<a class=\"w-grid-item-anchor\" href=\"https:\/\/novaerapousada.com.br\/wp-content\/uploads\/2019\/08\/Anderps_066_1.jpg\" ref=\"magnificPopupGrid\" title=\"\"><\/a>\n\t\t\t\t<div class=\"w-post-elm post_image usg_post_image_1 stretched\"><img loading=\"lazy\" decoding=\"async\" width=\"640\" height=\"425\" src=\"https:\/\/novaerapousada.com.br\/wp-content\/uploads\/2019\/08\/Anderps_066_1-1024x680.jpg\" class=\"attachment-large size-large\" alt=\"\" srcset=\"https:\/\/novaerapousada.com.br\/wp-content\/uploads\/2019\/08\/Anderps_066_1-1024x680.jpg 1024w, https:\/\/novaerapousada.com.br\/wp-content\/uploads\/2019\/08\/Anderps_066_1-300x199.jpg 300w, https:\/\/novaerapousada.com.br\/wp-content\/uploads\/2019\/08\/Anderps_066_1.jpg 1200w\" sizes=\"auto, (max-width: 640px) 100vw, 640px\" \/><\/div>\t<\/div>\n<\/article>\n<article class=\"w-grid-item ratio_1x1 post-1908 attachment type-attachment status-inherit hentry\" data-id=\"1908\">\n\t<div class=\"w-grid-item-h\">\n\t\t\t\t\t<a class=\"w-grid-item-anchor\" href=\"https:\/\/novaerapousada.com.br\/wp-content\/uploads\/2019\/08\/As_cores_de_Jeri.jpg\" ref=\"magnificPopupGrid\" title=\"\"><\/a>\n\t\t\t\t<div class=\"w-post-elm post_image usg_post_image_1 stretched\"><img loading=\"lazy\" decoding=\"async\" width=\"640\" height=\"426\" src=\"https:\/\/novaerapousada.com.br\/wp-content\/uploads\/2019\/08\/As_cores_de_Jeri-1024x682.jpg\" class=\"attachment-large size-large\" alt=\"\" srcset=\"https:\/\/novaerapousada.com.br\/wp-content\/uploads\/2019\/08\/As_cores_de_Jeri-1024x682.jpg 1024w, https:\/\/novaerapousada.com.br\/wp-content\/uploads\/2019\/08\/As_cores_de_Jeri-300x200.jpg 300w, https:\/\/novaerapousada.com.br\/wp-content\/uploads\/2019\/08\/As_cores_de_Jeri.jpg 1200w\" sizes=\"auto, (max-width: 640px) 100vw, 640px\" \/><\/div>\t<\/div>\n<\/article>\n<article class=\"w-grid-item ratio_1x1 post-1909 attachment type-attachment status-inherit hentry\" data-id=\"1909\">\n\t<div class=\"w-grid-item-h\">\n\t\t\t\t\t<a class=\"w-grid-item-anchor\" href=\"https:\/\/novaerapousada.com.br\/wp-content\/uploads\/2019\/08\/Cavalgando_ao_p\u00f4r_do_sol.jpg\" ref=\"magnificPopupGrid\" title=\"\"><\/a>\n\t\t\t\t<div class=\"w-post-elm post_image usg_post_image_1 stretched\"><img loading=\"lazy\" decoding=\"async\" width=\"640\" height=\"427\" src=\"https:\/\/novaerapousada.com.br\/wp-content\/uploads\/2019\/08\/Cavalgando_ao_p\u00f4r_do_sol-1024x683.jpg\" class=\"attachment-large size-large\" alt=\"\" srcset=\"https:\/\/novaerapousada.com.br\/wp-content\/uploads\/2019\/08\/Cavalgando_ao_p\u00f4r_do_sol-1024x683.jpg 1024w, https:\/\/novaerapousada.com.br\/wp-content\/uploads\/2019\/08\/Cavalgando_ao_p\u00f4r_do_sol-300x200.jpg 300w, https:\/\/novaerapousada.com.br\/wp-content\/uploads\/2019\/08\/Cavalgando_ao_p\u00f4r_do_sol.jpg 1200w\" sizes=\"auto, (max-width: 640px) 100vw, 640px\" \/><\/div>\t<\/div>\n<\/article>\n<article class=\"w-grid-item ratio_1x1 post-1910 attachment type-attachment status-inherit hentry\" data-id=\"1910\">\n\t<div class=\"w-grid-item-h\">\n\t\t\t\t\t<a class=\"w-grid-item-anchor\" href=\"https:\/\/novaerapousada.com.br\/wp-content\/uploads\/2019\/08\/Cinema_do_por_do_sol.jpg\" ref=\"magnificPopupGrid\" title=\"\"><\/a>\n\t\t\t\t<div class=\"w-post-elm post_image usg_post_image_1 stretched\"><img loading=\"lazy\" decoding=\"async\" width=\"640\" height=\"427\" src=\"https:\/\/novaerapousada.com.br\/wp-content\/uploads\/2019\/08\/Cinema_do_por_do_sol-1024x683.jpg\" class=\"attachment-large size-large\" alt=\"\" srcset=\"https:\/\/novaerapousada.com.br\/wp-content\/uploads\/2019\/08\/Cinema_do_por_do_sol-1024x683.jpg 1024w, https:\/\/novaerapousada.com.br\/wp-content\/uploads\/2019\/08\/Cinema_do_por_do_sol-300x200.jpg 300w, https:\/\/novaerapousada.com.br\/wp-content\/uploads\/2019\/08\/Cinema_do_por_do_sol.jpg 1200w\" sizes=\"auto, (max-width: 640px) 100vw, 640px\" \/><\/div>\t<\/div>\n<\/article>\n<article class=\"w-grid-item ratio_1x1 post-1911 attachment type-attachment status-inherit hentry\" data-id=\"1911\">\n\t<div class=\"w-grid-item-h\">\n\t\t\t\t\t<a class=\"w-grid-item-anchor\" href=\"https:\/\/novaerapousada.com.br\/wp-content\/uploads\/2019\/08\/Imensid\u00e3o_do_mar_vista_da_Duna_do_P\u00f4r_do_Sol_-_Praia_de_Jericoacoara.jpg\" ref=\"magnificPopupGrid\" title=\"\"><\/a>\n\t\t\t\t<div class=\"w-post-elm post_image usg_post_image_1 stretched\"><img loading=\"lazy\" decoding=\"async\" width=\"640\" height=\"427\" src=\"https:\/\/novaerapousada.com.br\/wp-content\/uploads\/2019\/08\/Imensid\u00e3o_do_mar_vista_da_Duna_do_P\u00f4r_do_Sol_-_Praia_de_Jericoacoara-1024x683.jpg\" class=\"attachment-large size-large\" alt=\"\" srcset=\"https:\/\/novaerapousada.com.br\/wp-content\/uploads\/2019\/08\/Imensid\u00e3o_do_mar_vista_da_Duna_do_P\u00f4r_do_Sol_-_Praia_de_Jericoacoara-1024x683.jpg 1024w, https:\/\/novaerapousada.com.br\/wp-content\/uploads\/2019\/08\/Imensid\u00e3o_do_mar_vista_da_Duna_do_P\u00f4r_do_Sol_-_Praia_de_Jericoacoara-300x200.jpg 300w, https:\/\/novaerapousada.com.br\/wp-content\/uploads\/2019\/08\/Imensid\u00e3o_do_mar_vista_da_Duna_do_P\u00f4r_do_Sol_-_Praia_de_Jericoacoara.jpg 1200w\" sizes=\"auto, (max-width: 640px) 100vw, 640px\" \/><\/div>\t<\/div>\n<\/article>\n<article class=\"w-grid-item ratio_1x1 post-1912 attachment type-attachment status-inherit hentry\" data-id=\"1912\">\n\t<div class=\"w-grid-item-h\">\n\t\t\t\t\t<a class=\"w-grid-item-anchor\" href=\"https:\/\/novaerapousada.com.br\/wp-content\/uploads\/2019\/08\/Jeri_vista_de_cima_da_duna.jpg\" ref=\"magnificPopupGrid\" title=\"\"><\/a>\n\t\t\t\t<div class=\"w-post-elm post_image usg_post_image_1 stretched\"><img loading=\"lazy\" decoding=\"async\" width=\"640\" height=\"427\" src=\"https:\/\/novaerapousada.com.br\/wp-content\/uploads\/2019\/08\/Jeri_vista_de_cima_da_duna-1024x683.jpg\" class=\"attachment-large size-large\" alt=\"\" srcset=\"https:\/\/novaerapousada.com.br\/wp-content\/uploads\/2019\/08\/Jeri_vista_de_cima_da_duna-1024x683.jpg 1024w, https:\/\/novaerapousada.com.br\/wp-content\/uploads\/2019\/08\/Jeri_vista_de_cima_da_duna-300x200.jpg 300w, https:\/\/novaerapousada.com.br\/wp-content\/uploads\/2019\/08\/Jeri_vista_de_cima_da_duna.jpg 1200w\" sizes=\"auto, (max-width: 640px) 100vw, 640px\" \/><\/div>\t<\/div>\n<\/article>\n<article class=\"w-grid-item ratio_1x1 post-1913 attachment type-attachment status-inherit hentry\" data-id=\"1913\">\n\t<div class=\"w-grid-item-h\">\n\t\t\t\t\t<a class=\"w-grid-item-anchor\" href=\"https:\/\/novaerapousada.com.br\/wp-content\/uploads\/2019\/08\/JERI12.jpg\" ref=\"magnificPopupGrid\" title=\"\"><\/a>\n\t\t\t\t<div class=\"w-post-elm post_image usg_post_image_1 stretched\"><img loading=\"lazy\" decoding=\"async\" width=\"640\" height=\"426\" src=\"https:\/\/novaerapousada.com.br\/wp-content\/uploads\/2019\/08\/JERI12.jpg\" class=\"attachment-large size-large\" alt=\"\" srcset=\"https:\/\/novaerapousada.com.br\/wp-content\/uploads\/2019\/08\/JERI12.jpg 1000w, https:\/\/novaerapousada.com.br\/wp-content\/uploads\/2019\/08\/JERI12-300x200.jpg 300w\" sizes=\"auto, (max-width: 640px) 100vw, 640px\" \/><\/div>\t<\/div>\n<\/article>\n<article class=\"w-grid-item ratio_1x1 post-1914 attachment type-attachment status-inherit hentry\" data-id=\"1914\">\n\t<div class=\"w-grid-item-h\">\n\t\t\t\t\t<a class=\"w-grid-item-anchor\" href=\"https:\/\/novaerapousada.com.br\/wp-content\/uploads\/2019\/08\/JERI12a.jpg\" ref=\"magnificPopupGrid\" title=\"\"><\/a>\n\t\t\t\t<div class=\"w-post-elm post_image usg_post_image_1 stretched\"><img loading=\"lazy\" decoding=\"async\" width=\"640\" height=\"426\" src=\"https:\/\/novaerapousada.com.br\/wp-content\/uploads\/2019\/08\/JERI12a.jpg\" class=\"attachment-large size-large\" alt=\"\" srcset=\"https:\/\/novaerapousada.com.br\/wp-content\/uploads\/2019\/08\/JERI12a.jpg 1000w, https:\/\/novaerapousada.com.br\/wp-content\/uploads\/2019\/08\/JERI12a-300x200.jpg 300w\" sizes=\"auto, (max-width: 640px) 100vw, 640px\" \/><\/div>\t<\/div>\n<\/article>\n<article class=\"w-grid-item ratio_1x1 post-1915 attachment type-attachment status-inherit hentry\" data-id=\"1915\">\n\t<div class=\"w-grid-item-h\">\n\t\t\t\t\t<a class=\"w-grid-item-anchor\" href=\"https:\/\/novaerapousada.com.br\/wp-content\/uploads\/2019\/08\/JERI13a.jpg\" ref=\"magnificPopupGrid\" title=\"\"><\/a>\n\t\t\t\t<div class=\"w-post-elm post_image usg_post_image_1 stretched\"><img loading=\"lazy\" decoding=\"async\" width=\"640\" height=\"426\" src=\"https:\/\/novaerapousada.com.br\/wp-content\/uploads\/2019\/08\/JERI13a.jpg\" class=\"attachment-large size-large\" alt=\"\" srcset=\"https:\/\/novaerapousada.com.br\/wp-content\/uploads\/2019\/08\/JERI13a.jpg 1000w, https:\/\/novaerapousada.com.br\/wp-content\/uploads\/2019\/08\/JERI13a-300x200.jpg 300w\" sizes=\"auto, (max-width: 640px) 100vw, 640px\" \/><\/div>\t<\/div>\n<\/article>\n<article class=\"w-grid-item ratio_1x1 post-1917 attachment type-attachment status-inherit hentry\" data-id=\"1917\">\n\t<div class=\"w-grid-item-h\">\n\t\t\t\t\t<a class=\"w-grid-item-anchor\" href=\"https:\/\/novaerapousada.com.br\/wp-content\/uploads\/2019\/08\/Jericoacoara_-_Cear\u00e1_-_Brasil.jpg\" ref=\"magnificPopupGrid\" title=\"\"><\/a>\n\t\t\t\t<div class=\"w-post-elm post_image usg_post_image_1 stretched\"><img loading=\"lazy\" decoding=\"async\" width=\"640\" height=\"480\" src=\"https:\/\/novaerapousada.com.br\/wp-content\/uploads\/2019\/08\/Jericoacoara_-_Cear\u00e1_-_Brasil-1024x768.jpg\" class=\"attachment-large size-large\" alt=\"\" srcset=\"https:\/\/novaerapousada.com.br\/wp-content\/uploads\/2019\/08\/Jericoacoara_-_Cear\u00e1_-_Brasil-1024x768.jpg 1024w, https:\/\/novaerapousada.com.br\/wp-content\/uploads\/2019\/08\/Jericoacoara_-_Cear\u00e1_-_Brasil-300x225.jpg 300w, https:\/\/novaerapousada.com.br\/wp-content\/uploads\/2019\/08\/Jericoacoara_-_Cear\u00e1_-_Brasil.jpg 1200w\" sizes=\"auto, (max-width: 640px) 100vw, 640px\" \/><\/div>\t<\/div>\n<\/article>\n<article class=\"w-grid-item ratio_1x1 post-1918 attachment type-attachment status-inherit hentry\" data-id=\"1918\">\n\t<div class=\"w-grid-item-h\">\n\t\t\t\t\t<a class=\"w-grid-item-anchor\" href=\"https:\/\/novaerapousada.com.br\/wp-content\/uploads\/2019\/08\/Jericoacoara_furada.jpg\" ref=\"magnificPopupGrid\" title=\"\"><\/a>\n\t\t\t\t<div class=\"w-post-elm post_image usg_post_image_1 stretched\"><img loading=\"lazy\" decoding=\"async\" width=\"640\" height=\"428\" src=\"https:\/\/novaerapousada.com.br\/wp-content\/uploads\/2019\/08\/Jericoacoara_furada-1024x685.jpg\" class=\"attachment-large size-large\" alt=\"\" srcset=\"https:\/\/novaerapousada.com.br\/wp-content\/uploads\/2019\/08\/Jericoacoara_furada-1024x685.jpg 1024w, https:\/\/novaerapousada.com.br\/wp-content\/uploads\/2019\/08\/Jericoacoara_furada-300x201.jpg 300w, https:\/\/novaerapousada.com.br\/wp-content\/uploads\/2019\/08\/Jericoacoara_furada.jpg 1200w\" sizes=\"auto, (max-width: 640px) 100vw, 640px\" \/><\/div>\t<\/div>\n<\/article>\n<\/div>\t<div class=\"w-grid-json hidden\" onclick='return {&quot;ajax_url&quot;:&quot;https:\\\/\\\/novaerapousada.com.br\\\/wp-admin\\\/admin-ajax.php&quot;,&quot;permalink_url&quot;:&quot;https:\\\/\\\/novaerapousada.com.br\\\/it\\\/jericoacoara\\\/jericoacoara_furada\\\/&quot;,&quot;action&quot;:&quot;us_ajax_grid&quot;,&quot;max_num_pages&quot;:2,&quot;infinite_scroll&quot;:0,&quot;template_vars&quot;:{&quot;query_args&quot;:{&quot;post_type&quot;:[&quot;attachment&quot;],&quot;post__in&quot;:[&quot;1906&quot;,&quot;1907&quot;,&quot;1908&quot;,&quot;1909&quot;,&quot;1910&quot;,&quot;1911&quot;,&quot;1912&quot;,&quot;1913&quot;,&quot;1914&quot;,&quot;1915&quot;,&quot;1917&quot;,&quot;1918&quot;,&quot;1919&quot;,&quot;1916&quot;],&quot;post_status&quot;:&quot;inherit&quot;,&quot;post_mime_type&quot;:&quot;image&quot;,&quot;orderby&quot;:{&quot;post__in&quot;:&quot;ASC&quot;},&quot;posts_per_page&quot;:&quot;12&quot;},&quot;post_id&quot;:1819,&quot;us_grid_index&quot;:1,&quot;us_grid_ajax_index&quot;:1,&quot;exclude_items&quot;:&quot;none&quot;,&quot;items_offset&quot;:&quot;1&quot;,&quot;items_layout&quot;:&quot;gallery_default&quot;,&quot;type&quot;:&quot;masonry&quot;,&quot;columns&quot;:&quot;4&quot;,&quot;img_size&quot;:&quot;default&quot;,&quot;overriding_link&quot;:&quot;popup_post_image&quot;}}'><\/div>\n<\/div><\/div><\/div><\/div><\/div><\/div><\/section>\n","protected":false},"excerpt":{"rendered":"","protected":false},"author":1,"featured_media":1905,"parent":0,"menu_order":0,"comment_status":"closed","ping_status":"closed","template":"","meta":{"_acf_changed":false,"_joinchat":[],"footnotes":""},"class_list":["post-1819","page","type-page","status-publish","has-post-thumbnail","hentry"],"acf":[],"yoast_head":"<!-- This site is optimized with the Yoast SEO plugin v26.3 - https:\/\/yoast.com\/wordpress\/plugins\/seo\/ -->\n<title>Jericoacoara - Pousada em Jericoacoara - Espa\u00e7o Nova Era Pousada<\/title>\n<meta name=\"robots\" content=\"index, follow, max-snippet:-1, max-image-preview:large, max-video-preview:-1\" \/>\n<link rel=\"canonical\" href=\"https:\/\/novaerapousada.com.br\/jericoacoara\/\" \/>\n<meta property=\"og:locale\" content=\"it_IT\" \/>\n<meta property=\"og:type\" content=\"article\" \/>\n<meta property=\"og:title\" content=\"Jericoacoara - Pousada em Jericoacoara - Espa\u00e7o Nova Era Pousada\" \/>\n<meta property=\"og:url\" content=\"https:\/\/novaerapousada.com.br\/jericoacoara\/\" \/>\n<meta property=\"og:site_name\" content=\"Pousada em Jericoacoara - Espa\u00e7o Nova Era Pousada\" \/>\n<meta property=\"article:modified_time\" content=\"2020-03-23T04:03:36+00:00\" \/>\n<meta property=\"og:image\" content=\"https:\/\/novaerapousada.com.br\/wp-content\/uploads\/2019\/08\/pedra-furada-jericoacoara.jpg\" \/>\n\t<meta property=\"og:image:width\" content=\"1920\" \/>\n\t<meta property=\"og:image:height\" content=\"838\" \/>\n\t<meta property=\"og:image:type\" content=\"image\/jpeg\" \/>\n<meta name=\"twitter:card\" content=\"summary_large_image\" \/>\n<meta name=\"twitter:label1\" content=\"Tempo di lettura stimato\" \/>\n\t<meta name=\"twitter:data1\" content=\"2 minuti\" \/>\n<script type=\"application\/ld+json\" class=\"yoast-schema-graph\">{\"@context\":\"https:\/\/schema.org\",\"@graph\":[{\"@type\":\"WebPage\",\"@id\":\"https:\/\/novaerapousada.com.br\/jericoacoara\/\",\"url\":\"https:\/\/novaerapousada.com.br\/jericoacoara\/\",\"name\":\"Jericoacoara - Pousada em Jericoacoara - Espa\u00e7o Nova Era Pousada\",\"isPartOf\":{\"@id\":\"https:\/\/novaerapousada.com.br\/#website\"},\"primaryImageOfPage\":{\"@id\":\"https:\/\/novaerapousada.com.br\/jericoacoara\/#primaryimage\"},\"image\":{\"@id\":\"https:\/\/novaerapousada.com.br\/jericoacoara\/#primaryimage\"},\"thumbnailUrl\":\"https:\/\/novaerapousada.com.br\/wp-content\/uploads\/2019\/08\/pedra-furada-jericoacoara.jpg\",\"datePublished\":\"2019-07-23T19:37:08+00:00\",\"dateModified\":\"2020-03-23T04:03:36+00:00\",\"breadcrumb\":{\"@id\":\"https:\/\/novaerapousada.com.br\/jericoacoara\/#breadcrumb\"},\"inLanguage\":\"it-IT\",\"potentialAction\":[{\"@type\":\"ReadAction\",\"target\":[\"https:\/\/novaerapousada.com.br\/jericoacoara\/\"]}]},{\"@type\":\"ImageObject\",\"inLanguage\":\"it-IT\",\"@id\":\"https:\/\/novaerapousada.com.br\/jericoacoara\/#primaryimage\",\"url\":\"https:\/\/novaerapousada.com.br\/wp-content\/uploads\/2019\/08\/pedra-furada-jericoacoara.jpg\",\"contentUrl\":\"https:\/\/novaerapousada.com.br\/wp-content\/uploads\/2019\/08\/pedra-furada-jericoacoara.jpg\",\"width\":1920,\"height\":838},{\"@type\":\"BreadcrumbList\",\"@id\":\"https:\/\/novaerapousada.com.br\/jericoacoara\/#breadcrumb\",\"itemListElement\":[{\"@type\":\"ListItem\",\"position\":1,\"name\":\"In\u00edcio\",\"item\":\"https:\/\/novaerapousada.com.br\/\"},{\"@type\":\"ListItem\",\"position\":2,\"name\":\"Jericoacoara\"}]},{\"@type\":\"WebSite\",\"@id\":\"https:\/\/novaerapousada.com.br\/#website\",\"url\":\"https:\/\/novaerapousada.com.br\/\",\"name\":\"Pousada em Jericoacoara - Espa\u00e7o Nova Era Pousada\",\"description\":\"(Portugu\u00eas do Brasil) Pousada em Jericoacoara\",\"publisher\":{\"@id\":\"https:\/\/novaerapousada.com.br\/#organization\"},\"potentialAction\":[{\"@type\":\"SearchAction\",\"target\":{\"@type\":\"EntryPoint\",\"urlTemplate\":\"https:\/\/novaerapousada.com.br\/?s={search_term_string}\"},\"query-input\":{\"@type\":\"PropertyValueSpecification\",\"valueRequired\":true,\"valueName\":\"search_term_string\"}}],\"inLanguage\":\"it-IT\"},{\"@type\":\"Organization\",\"@id\":\"https:\/\/novaerapousada.com.br\/#organization\",\"name\":\"Espa\u00e7o Nova Era Pousada\",\"url\":\"https:\/\/novaerapousada.com.br\/\",\"logo\":{\"@type\":\"ImageObject\",\"inLanguage\":\"it-IT\",\"@id\":\"https:\/\/novaerapousada.com.br\/#\/schema\/logo\/image\/\",\"url\":\"http:\/\/novaera.decastro.dev\/wp-content\/uploads\/2019\/07\/favicon.png\",\"contentUrl\":\"http:\/\/novaera.decastro.dev\/wp-content\/uploads\/2019\/07\/favicon.png\",\"width\":120,\"height\":120,\"caption\":\"Espa\u00e7o Nova Era Pousada\"},\"image\":{\"@id\":\"https:\/\/novaerapousada.com.br\/#\/schema\/logo\/image\/\"}}]}<\/script>\n<!-- \/ Yoast SEO plugin. -->","yoast_head_json":{"title":"Jericoacoara - Pousada em Jericoacoara - Espa\u00e7o Nova Era Pousada","robots":{"index":"index","follow":"follow","max-snippet":"max-snippet:-1","max-image-preview":"max-image-preview:large","max-video-preview":"max-video-preview:-1"},"canonical":"https:\/\/novaerapousada.com.br\/jericoacoara\/","og_locale":"it_IT","og_type":"article","og_title":"Jericoacoara - Pousada em Jericoacoara - Espa\u00e7o Nova Era Pousada","og_url":"https:\/\/novaerapousada.com.br\/jericoacoara\/","og_site_name":"Pousada em Jericoacoara - Espa\u00e7o Nova Era Pousada","article_modified_time":"2020-03-23T04:03:36+00:00","og_image":[{"width":1920,"height":838,"url":"https:\/\/novaerapousada.com.br\/wp-content\/uploads\/2019\/08\/pedra-furada-jericoacoara.jpg","type":"image\/jpeg"}],"twitter_card":"summary_large_image","twitter_misc":{"Tempo di lettura stimato":"2 minuti"},"schema":{"@context":"https:\/\/schema.org","@graph":[{"@type":"WebPage","@id":"https:\/\/novaerapousada.com.br\/jericoacoara\/","url":"https:\/\/novaerapousada.com.br\/jericoacoara\/","name":"Jericoacoara - Pousada em Jericoacoara - Espa\u00e7o Nova Era Pousada","isPartOf":{"@id":"https:\/\/novaerapousada.com.br\/#website"},"primaryImageOfPage":{"@id":"https:\/\/novaerapousada.com.br\/jericoacoara\/#primaryimage"},"image":{"@id":"https:\/\/novaerapousada.com.br\/jericoacoara\/#primaryimage"},"thumbnailUrl":"https:\/\/novaerapousada.com.br\/wp-content\/uploads\/2019\/08\/pedra-furada-jericoacoara.jpg","datePublished":"2019-07-23T19:37:08+00:00","dateModified":"2020-03-23T04:03:36+00:00","breadcrumb":{"@id":"https:\/\/novaerapousada.com.br\/jericoacoara\/#breadcrumb"},"inLanguage":"it-IT","potentialAction":[{"@type":"ReadAction","target":["https:\/\/novaerapousada.com.br\/jericoacoara\/"]}]},{"@type":"ImageObject","inLanguage":"it-IT","@id":"https:\/\/novaerapousada.com.br\/jericoacoara\/#primaryimage","url":"https:\/\/novaerapousada.com.br\/wp-content\/uploads\/2019\/08\/pedra-furada-jericoacoara.jpg","contentUrl":"https:\/\/novaerapousada.com.br\/wp-content\/uploads\/2019\/08\/pedra-furada-jericoacoara.jpg","width":1920,"height":838},{"@type":"BreadcrumbList","@id":"https:\/\/novaerapousada.com.br\/jericoacoara\/#breadcrumb","itemListElement":[{"@type":"ListItem","position":1,"name":"In\u00edcio","item":"https:\/\/novaerapousada.com.br\/"},{"@type":"ListItem","position":2,"name":"Jericoacoara"}]},{"@type":"WebSite","@id":"https:\/\/novaerapousada.com.br\/#website","url":"https:\/\/novaerapousada.com.br\/","name":"Pousada em Jericoacoara - Espa\u00e7o Nova Era Pousada","description":"(Portugu\u00eas do Brasil) Pousada em Jericoacoara","publisher":{"@id":"https:\/\/novaerapousada.com.br\/#organization"},"potentialAction":[{"@type":"SearchAction","target":{"@type":"EntryPoint","urlTemplate":"https:\/\/novaerapousada.com.br\/?s={search_term_string}"},"query-input":{"@type":"PropertyValueSpecification","valueRequired":true,"valueName":"search_term_string"}}],"inLanguage":"it-IT"},{"@type":"Organization","@id":"https:\/\/novaerapousada.com.br\/#organization","name":"Espa\u00e7o Nova Era Pousada","url":"https:\/\/novaerapousada.com.br\/","logo":{"@type":"ImageObject","inLanguage":"it-IT","@id":"https:\/\/novaerapousada.com.br\/#\/schema\/logo\/image\/","url":"http:\/\/novaera.decastro.dev\/wp-content\/uploads\/2019\/07\/favicon.png","contentUrl":"http:\/\/novaera.decastro.dev\/wp-content\/uploads\/2019\/07\/favicon.png","width":120,"height":120,"caption":"Espa\u00e7o Nova Era Pousada"},"image":{"@id":"https:\/\/novaerapousada.com.br\/#\/schema\/logo\/image\/"}}]}},"_links":{"self":[{"href":"https:\/\/novaerapousada.com.br\/it\/wp-json\/wp\/v2\/pages\/1819","targetHints":{"allow":["GET"]}}],"collection":[{"href":"https:\/\/novaerapousada.com.br\/it\/wp-json\/wp\/v2\/pages"}],"about":[{"href":"https:\/\/novaerapousada.com.br\/it\/wp-json\/wp\/v2\/types\/page"}],"author":[{"embeddable":true,"href":"https:\/\/novaerapousada.com.br\/it\/wp-json\/wp\/v2\/users\/1"}],"replies":[{"embeddable":true,"href":"https:\/\/novaerapousada.com.br\/it\/wp-json\/wp\/v2\/comments?post=1819"}],"version-history":[{"count":14,"href":"https:\/\/novaerapousada.com.br\/it\/wp-json\/wp\/v2\/pages\/1819\/revisions"}],"predecessor-version":[{"id":2115,"href":"https:\/\/novaerapousada.com.br\/it\/wp-json\/wp\/v2\/pages\/1819\/revisions\/2115"}],"wp:featuredmedia":[{"embeddable":true,"href":"https:\/\/novaerapousada.com.br\/it\/wp-json\/wp\/v2\/media\/1905"}],"wp:attachment":[{"href":"https:\/\/novaerapousada.com.br\/it\/wp-json\/wp\/v2\/media?parent=1819"}],"curies":[{"name":"wp","href":"https:\/\/api.w.org\/{rel}","templated":true}]}}