{"id":1016,"date":"2016-03-03T08:33:41","date_gmt":"2016-03-03T08:33:41","guid":{"rendered":"http:\/\/impreza6.us-themes.com\/?page_id=1016"},"modified":"2019-08-05T12:42:38","modified_gmt":"2019-08-05T15:42:38","slug":"home","status":"publish","type":"page","link":"https:\/\/novaerapousada.com.br\/en\/","title":{"rendered":"Home"},"content":{"rendered":"<section class=\"l-section wpb_row height_auto width_full\"><div class=\"l-section-h i-cf\"><div class=\"g-cols vc_row type_default valign_top\"><div class=\"vc_col-sm-12 wpb_column vc_column_container\"><div class=\"vc_column-inner\"><div class=\"wpb_wrapper\">[rev_slider_vc alias=&#8221;pousada-home&#8221;]<\/div><\/div><\/div><\/div><\/div><\/section>\n","protected":false},"excerpt":{"rendered":"[rev_slider_vc alias=\"pousada-home\"]","protected":false},"author":1,"featured_media":0,"parent":0,"menu_order":0,"comment_status":"closed","ping_status":"closed","template":"","meta":{"_acf_changed":false,"_joinchat":[],"footnotes":""},"class_list":["post-1016","page","type-page","status-publish","hentry"],"acf":[],"yoast_head":"<!-- This site is optimized with the Yoast SEO plugin v26.3 - https:\/\/yoast.com\/wordpress\/plugins\/seo\/ -->\n<title>Pousada em Jericoacoara - Espa\u00e7o Nova Era Pousada<\/title>\n<meta name=\"description\" content=\"O Espa\u00e7o Nova Era Pousada atrai por sua caracter\u00edstica \u00fanica em Jericoacoara: um jardim tropical de quase 4.000 m\u00b2 delicadamente desenhado.\" \/>\n<meta name=\"robots\" content=\"index, follow, max-snippet:-1, max-image-preview:large, max-video-preview:-1\" \/>\n<link rel=\"canonical\" href=\"https:\/\/novaerapousada.com.br\/\" \/>\n<meta property=\"og:locale\" content=\"en_US\" \/>\n<meta property=\"og:type\" content=\"article\" \/>\n<meta property=\"og:title\" content=\"Espa\u00e7o Nova Era Pousada - Jericoacoara Cear\u00e1\" \/>\n<meta property=\"og:description\" content=\"Receba as boas-vindas ao Espa\u00e7o Nova Era Pousada, seu \u201clar longe de casa\u201d em Jericoacoara. O Espa\u00e7o Nova Era Pousada tem como meta proporcionar a voc\u00ea uma visita relaxante e agrad\u00e1vel, motivo pelo qual v\u00e1rios h\u00f3spedes retornam todos os anos.\" \/>\n<meta property=\"og:url\" content=\"https:\/\/novaerapousada.com.br\/\" \/>\n<meta property=\"og:site_name\" content=\"Pousada em Jericoacoara - Espa\u00e7o Nova Era Pousada\" \/>\n<meta property=\"article:modified_time\" content=\"2019-08-05T15:42:38+00:00\" \/>\n<meta property=\"og:image\" content=\"https:\/\/novaerapousada.com.br\/wp-content\/uploads\/2019\/07\/capa-facebook.jpg\" \/>\n\t<meta property=\"og:image:width\" content=\"900\" \/>\n\t<meta property=\"og:image:height\" content=\"573\" \/>\n\t<meta property=\"og:image:type\" content=\"image\/jpeg\" \/>\n<meta name=\"twitter:card\" content=\"summary_large_image\" \/>\n<script type=\"application\/ld+json\" class=\"yoast-schema-graph\">{\"@context\":\"https:\/\/schema.org\",\"@graph\":[{\"@type\":\"WebPage\",\"@id\":\"https:\/\/novaerapousada.com.br\/\",\"url\":\"https:\/\/novaerapousada.com.br\/\",\"name\":\"Pousada em Jericoacoara - Espa\u00e7o Nova Era Pousada\",\"isPartOf\":{\"@id\":\"https:\/\/novaerapousada.com.br\/#website\"},\"datePublished\":\"2016-03-03T08:33:41+00:00\",\"dateModified\":\"2019-08-05T15:42:38+00:00\",\"description\":\"O Espa\u00e7o Nova Era Pousada atrai por sua caracter\u00edstica \u00fanica em Jericoacoara: um jardim tropical de quase 4.000 m\u00b2 delicadamente desenhado.\",\"breadcrumb\":{\"@id\":\"https:\/\/novaerapousada.com.br\/#breadcrumb\"},\"inLanguage\":\"en-US\",\"potentialAction\":[{\"@type\":\"ReadAction\",\"target\":[\"https:\/\/novaerapousada.com.br\/\"]}]},{\"@type\":\"BreadcrumbList\",\"@id\":\"https:\/\/novaerapousada.com.br\/#breadcrumb\",\"itemListElement\":[{\"@type\":\"ListItem\",\"position\":1,\"name\":\"In\u00edcio\",\"item\":\"https:\/\/novaerapousada.com.br\/\"},{\"@type\":\"ListItem\",\"position\":2,\"name\":\"Home\"}]},{\"@type\":\"WebSite\",\"@id\":\"https:\/\/novaerapousada.com.br\/#website\",\"url\":\"https:\/\/novaerapousada.com.br\/\",\"name\":\"Pousada em Jericoacoara - Espa\u00e7o Nova Era Pousada\",\"description\":\"(Portugu\u00eas do Brasil) Pousada em Jericoacoara\",\"publisher\":{\"@id\":\"https:\/\/novaerapousada.com.br\/#organization\"},\"potentialAction\":[{\"@type\":\"SearchAction\",\"target\":{\"@type\":\"EntryPoint\",\"urlTemplate\":\"https:\/\/novaerapousada.com.br\/?s={search_term_string}\"},\"query-input\":{\"@type\":\"PropertyValueSpecification\",\"valueRequired\":true,\"valueName\":\"search_term_string\"}}],\"inLanguage\":\"en-US\"},{\"@type\":\"Organization\",\"@id\":\"https:\/\/novaerapousada.com.br\/#organization\",\"name\":\"Espa\u00e7o Nova Era Pousada\",\"url\":\"https:\/\/novaerapousada.com.br\/\",\"logo\":{\"@type\":\"ImageObject\",\"inLanguage\":\"en-US\",\"@id\":\"https:\/\/novaerapousada.com.br\/#\/schema\/logo\/image\/\",\"url\":\"http:\/\/novaera.decastro.dev\/wp-content\/uploads\/2019\/07\/favicon.png\",\"contentUrl\":\"http:\/\/novaera.decastro.dev\/wp-content\/uploads\/2019\/07\/favicon.png\",\"width\":120,\"height\":120,\"caption\":\"Espa\u00e7o Nova Era Pousada\"},\"image\":{\"@id\":\"https:\/\/novaerapousada.com.br\/#\/schema\/logo\/image\/\"}}]}<\/script>\n<!-- \/ Yoast SEO plugin. -->","yoast_head_json":{"title":"Pousada em Jericoacoara - Espa\u00e7o Nova Era Pousada","description":"O Espa\u00e7o Nova Era Pousada atrai por sua caracter\u00edstica \u00fanica em Jericoacoara: um jardim tropical de quase 4.000 m\u00b2 delicadamente desenhado.","robots":{"index":"index","follow":"follow","max-snippet":"max-snippet:-1","max-image-preview":"max-image-preview:large","max-video-preview":"max-video-preview:-1"},"canonical":"https:\/\/novaerapousada.com.br\/","og_locale":"en_US","og_type":"article","og_title":"Espa\u00e7o Nova Era Pousada - Jericoacoara Cear\u00e1","og_description":"Receba as boas-vindas ao Espa\u00e7o Nova Era Pousada, seu \u201clar longe de casa\u201d em Jericoacoara. O Espa\u00e7o Nova Era Pousada tem como meta proporcionar a voc\u00ea uma visita relaxante e agrad\u00e1vel, motivo pelo qual v\u00e1rios h\u00f3spedes retornam todos os anos.","og_url":"https:\/\/novaerapousada.com.br\/","og_site_name":"Pousada em Jericoacoara - Espa\u00e7o Nova Era Pousada","article_modified_time":"2019-08-05T15:42:38+00:00","og_image":[{"width":900,"height":573,"url":"https:\/\/novaerapousada.com.br\/wp-content\/uploads\/2019\/07\/capa-facebook.jpg","type":"image\/jpeg"}],"twitter_card":"summary_large_image","schema":{"@context":"https:\/\/schema.org","@graph":[{"@type":"WebPage","@id":"https:\/\/novaerapousada.com.br\/","url":"https:\/\/novaerapousada.com.br\/","name":"Pousada em Jericoacoara - Espa\u00e7o Nova Era Pousada","isPartOf":{"@id":"https:\/\/novaerapousada.com.br\/#website"},"datePublished":"2016-03-03T08:33:41+00:00","dateModified":"2019-08-05T15:42:38+00:00","description":"O Espa\u00e7o Nova Era Pousada atrai por sua caracter\u00edstica \u00fanica em Jericoacoara: um jardim tropical de quase 4.000 m\u00b2 delicadamente desenhado.","breadcrumb":{"@id":"https:\/\/novaerapousada.com.br\/#breadcrumb"},"inLanguage":"en-US","potentialAction":[{"@type":"ReadAction","target":["https:\/\/novaerapousada.com.br\/"]}]},{"@type":"BreadcrumbList","@id":"https:\/\/novaerapousada.com.br\/#breadcrumb","itemListElement":[{"@type":"ListItem","position":1,"name":"In\u00edcio","item":"https:\/\/novaerapousada.com.br\/"},{"@type":"ListItem","position":2,"name":"Home"}]},{"@type":"WebSite","@id":"https:\/\/novaerapousada.com.br\/#website","url":"https:\/\/novaerapousada.com.br\/","name":"Pousada em Jericoacoara - Espa\u00e7o Nova Era Pousada","description":"(Portugu\u00eas do Brasil) Pousada em Jericoacoara","publisher":{"@id":"https:\/\/novaerapousada.com.br\/#organization"},"potentialAction":[{"@type":"SearchAction","target":{"@type":"EntryPoint","urlTemplate":"https:\/\/novaerapousada.com.br\/?s={search_term_string}"},"query-input":{"@type":"PropertyValueSpecification","valueRequired":true,"valueName":"search_term_string"}}],"inLanguage":"en-US"},{"@type":"Organization","@id":"https:\/\/novaerapousada.com.br\/#organization","name":"Espa\u00e7o Nova Era Pousada","url":"https:\/\/novaerapousada.com.br\/","logo":{"@type":"ImageObject","inLanguage":"en-US","@id":"https:\/\/novaerapousada.com.br\/#\/schema\/logo\/image\/","url":"http:\/\/novaera.decastro.dev\/wp-content\/uploads\/2019\/07\/favicon.png","contentUrl":"http:\/\/novaera.decastro.dev\/wp-content\/uploads\/2019\/07\/favicon.png","width":120,"height":120,"caption":"Espa\u00e7o Nova Era Pousada"},"image":{"@id":"https:\/\/novaerapousada.com.br\/#\/schema\/logo\/image\/"}}]}},"_links":{"self":[{"href":"https:\/\/novaerapousada.com.br\/en\/wp-json\/wp\/v2\/pages\/1016","targetHints":{"allow":["GET"]}}],"collection":[{"href":"https:\/\/novaerapousada.com.br\/en\/wp-json\/wp\/v2\/pages"}],"about":[{"href":"https:\/\/novaerapousada.com.br\/en\/wp-json\/wp\/v2\/types\/page"}],"author":[{"embeddable":true,"href":"https:\/\/novaerapousada.com.br\/en\/wp-json\/wp\/v2\/users\/1"}],"replies":[{"embeddable":true,"href":"https:\/\/novaerapousada.com.br\/en\/wp-json\/wp\/v2\/comments?post=1016"}],"version-history":[{"count":2,"href":"https:\/\/novaerapousada.com.br\/en\/wp-json\/wp\/v2\/pages\/1016\/revisions"}],"predecessor-version":[{"id":1852,"href":"https:\/\/novaerapousada.com.br\/en\/wp-json\/wp\/v2\/pages\/1016\/revisions\/1852"}],"wp:attachment":[{"href":"https:\/\/novaerapousada.com.br\/en\/wp-json\/wp\/v2\/media?parent=1016"}],"curies":[{"name":"wp","href":"https:\/\/api.w.org\/{rel}","templated":true}]}}